{"id":39347,"date":"2025-01-06T13:12:47","date_gmt":"2025-01-06T13:12:47","guid":{"rendered":"https:\/\/www.ellasestate.com\/about\/"},"modified":"2025-09-24T19:02:35","modified_gmt":"2025-09-24T16:02:35","slug":"about","status":"publish","type":"page","link":"https:\/\/www.ellasestate.com\/rs\/about\/","title":{"rendered":"O nama"},"content":{"rendered":"\t\t<div data-elementor-type=\"wp-page\" data-elementor-id=\"39347\" class=\"elementor elementor-39347 elementor-8140\">\n\t\t\t\t<div class=\"elementor-element elementor-element-12c511b e-flex e-con-boxed e-con e-parent\" data-id=\"12c511b\" data-element_type=\"container\" data-e-type=\"container\">\n\t\t\t\t\t<div class=\"e-con-inner\">\n\t\t<div class=\"elementor-element elementor-element-e65e6df e-con-full e-flex e-con e-child\" data-id=\"e65e6df\" data-element_type=\"container\" data-e-type=\"container\">\n\t\t\t\t<div class=\"elementor-element elementor-element-dcb110c elementor-widget elementor-widget-html\" data-id=\"dcb110c\" data-element_type=\"widget\" data-e-type=\"widget\" data-widget_type=\"html.default\">\n\t\t\t\t\t\n          <script src=\"https:\/\/unpkg.com\/@dotlottie\/player-component@2.7.12\/dist\/dotlottie-player.mjs\" type=\"module\"><\/script>\n          \n\n          <dotlottie-player src=\"https:\/\/lottie.host\/88397ec9-e812-4215-9a0a-ea883b4bd3ef\/7PYP5b8o06.lottie\" background=\"transparent\" speed=\"0.05\" style=\"width: 150px; height: 150px\" loop=\"\" autoplay=\"\"><\/dotlottie-player>\n        \t\t\t\t<\/div>\n\t\t\t\t<\/div>\n\t\t<div class=\"elementor-element elementor-element-0851878 e-con-full e-flex e-con e-child\" data-id=\"0851878\" data-element_type=\"container\" data-e-type=\"container\">\n\t\t\t\t<div class=\"elementor-element elementor-element-e38765b elementor-widget elementor-widget-heading\" data-id=\"e38765b\" data-element_type=\"widget\" data-e-type=\"widget\" data-widget_type=\"heading.default\">\n\t\t\t\t\t<h3 class=\"elementor-heading-title elementor-size-default\">Ellas estate: va\u0161 pouzdan partner za nekretnine u Gr\u010dkoj<\/h3>\t\t\t\t<\/div>\n\t\t\t\t<div class=\"elementor-element elementor-element-cb0b29e elementor-widget elementor-widget-text-editor\" data-id=\"cb0b29e\" data-element_type=\"widget\" data-e-type=\"widget\" data-widget_type=\"text-editor.default\">\n\t\t\t\t\t\t\t\t\t<p>Dobrodo\u0161li u Ellas Estate, vode\u0107u kompaniju za nekretnine u Gr\u010dkoj sa preko 10 godina iskustva na tr\u017ei\u0161tu nekretnina. Ponosni smo na na\u0161u reputaciju pouzdanog partnera, poma\u017eu\u0107i klijentima da ostvare svoje snove o posedovanju doma, poslovnog prostora ili pronala\u017eenju savr\u0161enog prostora za iznajmljivanje na jednoj od najlep\u0161ih lokacija na Mediteranu. <\/p>\n\t\t\t\t\t\t\t\t<\/div>\n\t\t\t\t<\/div>\n\t\t\t\t\t<\/div>\n\t\t\t\t<\/div>\n\t\t<div class=\"elementor-element elementor-element-f641da0 e-flex e-con-boxed e-con e-parent\" data-id=\"f641da0\" data-element_type=\"container\" data-e-type=\"container\">\n\t\t\t\t\t<div class=\"e-con-inner\">\n\t\t\t\t<div class=\"elementor-element elementor-element-96b96d7 elementor-widget-divider--view-line_icon elementor-view-default elementor-widget-divider--element-align-center elementor-widget elementor-widget-divider\" data-id=\"96b96d7\" data-element_type=\"widget\" data-e-type=\"widget\" data-widget_type=\"divider.default\">\n\t\t\t\t\t\t\t<div class=\"elementor-divider\">\n\t\t\t<span class=\"elementor-divider-separator\">\n\t\t\t\t\t\t\t<div class=\"elementor-icon elementor-divider__element\">\n\t\t\t\t\t<svg aria-hidden=\"true\" class=\"e-font-icon-svg e-fas-user-tie\" viewBox=\"0 0 448 512\" xmlns=\"http:\/\/www.w3.org\/2000\/svg\"><path d=\"M224 256c70.7 0 128-57.3 128-128S294.7 0 224 0 96 57.3 96 128s57.3 128 128 128zm95.8 32.6L272 480l-32-136 32-56h-96l32 56-32 136-47.8-191.4C56.9 292 0 350.3 0 422.4V464c0 26.5 21.5 48 48 48h352c26.5 0 48-21.5 48-48v-41.6c0-72.1-56.9-130.4-128.2-133.8z\"><\/path><\/svg><\/div>\n\t\t\t\t\t\t<\/span>\n\t\t<\/div>\n\t\t\t\t\t\t<\/div>\n\t\t\t\t<div class=\"elementor-element elementor-element-9df6b6e elementor-widget elementor-widget-heading\" data-id=\"9df6b6e\" data-element_type=\"widget\" data-e-type=\"widget\" data-widget_type=\"heading.default\">\n\t\t\t\t\t<h3 class=\"elementor-heading-title elementor-size-default\">Na\u0161e usluge<\/h3>\t\t\t\t<\/div>\n\t\t\t\t<div class=\"elementor-element elementor-element-45d2d4d elementor-widget elementor-widget-text-editor\" data-id=\"45d2d4d\" data-element_type=\"widget\" data-e-type=\"widget\" data-widget_type=\"text-editor.default\">\n\t\t\t\t\t\t\t\t\t<p>Ellas Estate nudi sveobuhvatan spektar usluga vezanih za nekretnine, uklju\u010duju\u0107i:<\/p>\n\t\t\t\t\t\t\t\t<\/div>\n\t\t\t\t\t<\/div>\n\t\t\t\t<\/div>\n\t\t<div class=\"elementor-element elementor-element-948807d e-flex e-con-boxed e-con e-parent\" data-id=\"948807d\" data-element_type=\"container\" data-e-type=\"container\">\n\t\t\t\t\t<div class=\"e-con-inner\">\n\t\t<div class=\"elementor-element elementor-element-2b76375 e-con-full e-flex e-con e-child\" data-id=\"2b76375\" data-element_type=\"container\" data-e-type=\"container\">\n\t\t\t\t<div class=\"elementor-element elementor-element-0c12eb9 elementor-widget elementor-widget-html\" data-id=\"0c12eb9\" data-element_type=\"widget\" data-e-type=\"widget\" data-widget_type=\"html.default\">\n\t\t\t\t\t\n          <script src=\"https:\/\/unpkg.com\/@dotlottie\/player-component@2.7.12\/dist\/dotlottie-player.mjs\" type=\"module\"><\/script>\n          \n\n          <dotlottie-player src=\"https:\/\/lottie.host\/b0c4d0e3-da8b-48b5-9da3-df381b5f4eb0\/GExOd92cYf.lottie\" background=\"transparent\" speed=\"0.5\" style=\"width: 200px; height: 200px\" loop=\"\" autoplay=\"\"><\/dotlottie-player>\n        \t\t\t\t<\/div>\n\t\t\t\t<div class=\"elementor-element elementor-element-58a6ce9 elementor-widget elementor-widget-text-editor\" data-id=\"58a6ce9\" data-element_type=\"widget\" data-e-type=\"widget\" data-widget_type=\"text-editor.default\">\n\t\t\t\t\t\t\t\t\t<ul>\n<li><strong>Prodaja i iznajmljivanje stambenih nekretnina.<\/strong> <br \/>Poma\u017eemo u pronala\u017eenju savr\u0161enog doma ili stana koji odgovara va\u0161im potrebama, bilo da je u pitanju vikendica ili stalno prebivali\u0161te.<\/li>\n<\/ul>\n\t\t\t\t\t\t\t\t<\/div>\n\t\t\t\t<\/div>\n\t\t<div class=\"elementor-element elementor-element-798c858 e-con-full e-flex e-con e-child\" data-id=\"798c858\" data-element_type=\"container\" data-e-type=\"container\">\n\t\t\t\t<div class=\"elementor-element elementor-element-90fef2d elementor-widget elementor-widget-html\" data-id=\"90fef2d\" data-element_type=\"widget\" data-e-type=\"widget\" data-widget_type=\"html.default\">\n\t\t\t\t\t\n          <script src=\"https:\/\/unpkg.com\/@dotlottie\/player-component@2.7.12\/dist\/dotlottie-player.mjs\" type=\"module\"><\/script>\n          \n\n          <dotlottie-player src=\"https:\/\/lottie.host\/9cfbf6d0-d4c3-4082-b019-a7b83b12c27c\/SZbZno5xbC.lottie\" background=\"transparent\" speed=\"0.5\" style=\"width: 200px; height: 200px\" loop=\"\" autoplay=\"\"><\/dotlottie-player>\n        \t\t\t\t<\/div>\n\t\t\t\t<div class=\"elementor-element elementor-element-4854c65 elementor-widget elementor-widget-text-editor\" data-id=\"4854c65\" data-element_type=\"widget\" data-e-type=\"widget\" data-widget_type=\"text-editor.default\">\n\t\t\t\t\t\t\t\t\t<ul>\n<li><strong>Komercijalne nekretnine.<\/strong> <br \/>Poma\u017eemo u obezbe\u0111ivanju poslovnih prostora, od kancelarija do hotela, kako bismo podr\u017eali va\u0161 rast.<\/li>\n<\/ul>\n\t\t\t\t\t\t\t\t<\/div>\n\t\t\t\t<\/div>\n\t\t<div class=\"elementor-element elementor-element-f83ea55 e-con-full e-flex e-con e-child\" data-id=\"f83ea55\" data-element_type=\"container\" data-e-type=\"container\">\n\t\t\t\t<div class=\"elementor-element elementor-element-bf11947 elementor-widget elementor-widget-html\" data-id=\"bf11947\" data-element_type=\"widget\" data-e-type=\"widget\" data-widget_type=\"html.default\">\n\t\t\t\t\t\n          <script src=\"https:\/\/unpkg.com\/@dotlottie\/player-component@2.7.12\/dist\/dotlottie-player.mjs\" type=\"module\"><\/script>\n          \n\n          <dotlottie-player src=\"https:\/\/lottie.host\/571e8757-7032-46b0-8564-753464cd5de5\/Gr1bekdo3K.lottie\" background=\"transparent\" speed=\"0.5\" style=\"width: 200px; height: 200px\" loop=\"\" autoplay=\"\"><\/dotlottie-player>\n        \t\t\t\t<\/div>\n\t\t\t\t<div class=\"elementor-element elementor-element-d6ea6aa elementor-widget elementor-widget-text-editor\" data-id=\"d6ea6aa\" data-element_type=\"widget\" data-e-type=\"widget\" data-widget_type=\"text-editor.default\">\n\t\t\t\t\t\t\t\t\t<ul>\n<li><strong>Sveobuhvatna podr\u0161ka pri transakcijama.<\/strong> <br \/>Od prvog kontakta do kona\u010dne registracije nekretnine, mi se bavimo svakim korakom procesa.<\/li>\n<\/ul>\n\t\t\t\t\t\t\t\t<\/div>\n\t\t\t\t<\/div>\n\t\t<div class=\"elementor-element elementor-element-0f572f1 e-con-full e-flex e-con e-child\" data-id=\"0f572f1\" data-element_type=\"container\" data-e-type=\"container\">\n\t\t\t\t<div class=\"elementor-element elementor-element-293c929 elementor-widget elementor-widget-html\" data-id=\"293c929\" data-element_type=\"widget\" data-e-type=\"widget\" data-widget_type=\"html.default\">\n\t\t\t\t\t\n          <script src=\"https:\/\/unpkg.com\/@dotlottie\/player-component@2.7.12\/dist\/dotlottie-player.mjs\" type=\"module\"><\/script>\n          \n\n          <dotlottie-player src=\"https:\/\/lottie.host\/5723c36b-88a1-45e4-8fe2-22eea4cd22fc\/o4R84Fy9aB.lottie\" background=\"transparent\" speed=\"0.5\" style=\"width: 200px; height: 200px\" loop=\"\" autoplay=\"\"><\/dotlottie-player>\n        \t\t\t\t<\/div>\n\t\t\t\t<div class=\"elementor-element elementor-element-c06276f elementor-widget elementor-widget-text-editor\" data-id=\"c06276f\" data-element_type=\"widget\" data-e-type=\"widget\" data-widget_type=\"text-editor.default\">\n\t\t\t\t\t\t\t\t\t<ul>\n<li><strong>Podr\u0161ka nakon prodaje.<\/strong> <br \/>Na\u0161a pomo\u0107 se ne zavr\u0161ava kupovinom &#8211; pru\u017eamo kontinuiranu podr\u0161ku, od rukovanja dokumentima do odr\u017eavanja nekretnine.<\/li>\n<\/ul>\n\t\t\t\t\t\t\t\t<\/div>\n\t\t\t\t<\/div>\n\t\t\t\t\t<\/div>\n\t\t\t\t<\/div>\n\t\t<div class=\"elementor-element elementor-element-de2c9d9 e-flex e-con-boxed e-con e-parent\" data-id=\"de2c9d9\" data-element_type=\"container\" data-e-type=\"container\">\n\t\t\t\t\t<div class=\"e-con-inner\">\n\t\t\t\t<div class=\"elementor-element elementor-element-e56bc16 elementor-widget-divider--view-line_icon elementor-view-default elementor-widget-divider--element-align-center elementor-widget elementor-widget-divider\" data-id=\"e56bc16\" data-element_type=\"widget\" data-e-type=\"widget\" data-widget_type=\"divider.default\">\n\t\t\t\t\t\t\t<div class=\"elementor-divider\">\n\t\t\t<span class=\"elementor-divider-separator\">\n\t\t\t\t\t\t\t<div class=\"elementor-icon elementor-divider__element\">\n\t\t\t\t\t<svg aria-hidden=\"true\" class=\"e-font-icon-svg e-fas-user-tie\" viewBox=\"0 0 448 512\" xmlns=\"http:\/\/www.w3.org\/2000\/svg\"><path d=\"M224 256c70.7 0 128-57.3 128-128S294.7 0 224 0 96 57.3 96 128s57.3 128 128 128zm95.8 32.6L272 480l-32-136 32-56h-96l32 56-32 136-47.8-191.4C56.9 292 0 350.3 0 422.4V464c0 26.5 21.5 48 48 48h352c26.5 0 48-21.5 48-48v-41.6c0-72.1-56.9-130.4-128.2-133.8z\"><\/path><\/svg><\/div>\n\t\t\t\t\t\t<\/span>\n\t\t<\/div>\n\t\t\t\t\t\t<\/div>\n\t\t\t\t<div class=\"elementor-element elementor-element-c769023 elementor-widget elementor-widget-heading\" data-id=\"c769023\" data-element_type=\"widget\" data-e-type=\"widget\" data-widget_type=\"heading.default\">\n\t\t\t\t\t<h3 class=\"elementor-heading-title elementor-size-default\">Za\u0161to izabrati ellas estate?<\/h3>\t\t\t\t<\/div>\n\t\t\t\t<div class=\"elementor-element elementor-element-cefadf1 elementor-widget elementor-widget-text-editor\" data-id=\"cefadf1\" data-element_type=\"widget\" data-e-type=\"widget\" data-widget_type=\"text-editor.default\">\n\t\t\t\t\t\t\t\t\t<ul>\n<li><strong>Iskustvo i stru\u010dnost.<\/strong> Na\u0161 tim poseduje duboko poznavanje tr\u017ei\u0161ta i radi isklju\u010divo u interesu na\u0161ih klijenata.<\/li>\n<li><strong>Prilago\u0111en pristup.<\/strong> Uzimamo u obzir sve va\u0161e preference i kreiramo re\u0161enja po meri.<\/li>\n<li><strong>Transparentnost i pouzdanost.<\/strong> Svaka transakcija sa nama je po\u0161tena i bez skrivenih tro\u0161kova.<\/li>\n<li><strong>Re\u0161enja koja \u0161tede vreme.<\/strong> Mi se bavimo svim organizacionim i pravnim aspektima u va\u0161e ime.<\/li>\n<\/ul>\n\t\t\t\t\t\t\t\t<\/div>\n\t\t\t\t\t<\/div>\n\t\t\t\t<\/div>\n\t\t<div class=\"elementor-element elementor-element-1e81071 e-flex e-con-boxed e-con e-parent\" data-id=\"1e81071\" data-element_type=\"container\" data-e-type=\"container\">\n\t\t\t\t\t<div class=\"e-con-inner\">\n\t\t<div class=\"elementor-element elementor-element-12e3def e-con-full e-flex e-con e-child\" data-id=\"12e3def\" data-element_type=\"container\" data-e-type=\"container\">\n\t\t\t\t<div class=\"elementor-element elementor-element-8df1409 elementor-widget-divider--view-line_icon elementor-view-default elementor-widget-divider--element-align-center elementor-widget elementor-widget-divider\" data-id=\"8df1409\" data-element_type=\"widget\" data-e-type=\"widget\" data-widget_type=\"divider.default\">\n\t\t\t\t\t\t\t<div class=\"elementor-divider\">\n\t\t\t<span class=\"elementor-divider-separator\">\n\t\t\t\t\t\t\t<div class=\"elementor-icon elementor-divider__element\">\n\t\t\t\t\t<svg aria-hidden=\"true\" class=\"e-font-icon-svg e-fas-user-tie\" viewBox=\"0 0 448 512\" xmlns=\"http:\/\/www.w3.org\/2000\/svg\"><path d=\"M224 256c70.7 0 128-57.3 128-128S294.7 0 224 0 96 57.3 96 128s57.3 128 128 128zm95.8 32.6L272 480l-32-136 32-56h-96l32 56-32 136-47.8-191.4C56.9 292 0 350.3 0 422.4V464c0 26.5 21.5 48 48 48h352c26.5 0 48-21.5 48-48v-41.6c0-72.1-56.9-130.4-128.2-133.8z\"><\/path><\/svg><\/div>\n\t\t\t\t\t\t<\/span>\n\t\t<\/div>\n\t\t\t\t\t\t<\/div>\n\t\t\t\t<div class=\"elementor-element elementor-element-ffe1f7c elementor-widget elementor-widget-heading\" data-id=\"ffe1f7c\" data-element_type=\"widget\" data-e-type=\"widget\" data-widget_type=\"heading.default\">\n\t\t\t\t\t<h3 class=\"elementor-heading-title elementor-size-default\">Kontaktirajte nas<\/h3>\t\t\t\t<\/div>\n\t\t\t\t<div class=\"elementor-element elementor-element-4d4fb02 elementor-widget elementor-widget-html\" data-id=\"4d4fb02\" data-element_type=\"widget\" data-e-type=\"widget\" data-widget_type=\"html.default\">\n\t\t\t\t\t\n          <script src=\"https:\/\/unpkg.com\/@dotlottie\/player-component@2.7.12\/dist\/dotlottie-player.mjs\" type=\"module\"><\/script>\n          \n\n          <dotlottie-player src=\"https:\/\/lottie.host\/c54f98d0-1bef-4788-85a3-7f30c46b2069\/TTydwiPAru.lottie\" background=\"transparent\" speed=\"0.45\" style=\"width: 200px; height: 200px\" loop=\"\" autoplay=\"\"><\/dotlottie-player>\n        \t\t\t\t<\/div>\n\t\t\t\t<div class=\"elementor-element elementor-element-8bc9751 elementor-widget elementor-widget-text-editor\" data-id=\"8bc9751\" data-element_type=\"widget\" data-e-type=\"widget\" data-widget_type=\"text-editor.default\">\n\t\t\t\t\t\t\t\t\t<p>Ako tra\u017ei\u0161 nekretninu u Gr\u010dkoj ili planira\u0161 da investira\u0161 na jednom od najperspektivnijih tr\u017ei\u0161ta u Evropi, <strong>Ellas Estate<\/strong> je tvoj idealan izbor. Mi pretvaramo snove o posedovanju gr\u010dke nekretnine u stvarnost! <\/p>\n\t\t\t\t\t\t\t\t<\/div>\n\t\t\t\t<\/div>\n\t\t<div class=\"elementor-element elementor-element-8f099f0 e-con-full e-flex e-con e-child\" data-id=\"8f099f0\" data-element_type=\"container\" data-e-type=\"container\">\n\t\t\t\t<div class=\"elementor-element elementor-element-bbcce45 elementor-widget elementor-widget-rhea-button-widget\" data-id=\"bbcce45\" data-element_type=\"widget\" data-e-type=\"widget\" data-widget_type=\"rhea-button-widget.default\">\n\t\t\t\t<div class=\"elementor-widget-container\">\n\t\t\t\t\t            <a class=\"rhea-custom-button default\" href=\"https:\/\/www.ellasestate.com\/contact\/\"\n\t\t\t\t\t\t\t\t            >\n\t\t\t\t                    <i class=\"fa-regular far fa-edit\"><\/i>Kontaktirajte nas            <\/a>\n\t\t\t\t\t\t\t<\/div>\n\t\t\t\t<\/div>\n\t\t\t\t<\/div>\n\t\t\t\t\t<\/div>\n\t\t\t\t<\/div>\n\t\t\t\t<\/div>\n\t\t","protected":false},"excerpt":{"rendered":"<p>Ellas estate: va\u0161 pouzdan partner za nekretnine u Gr\u010dkoj Dobrodo\u0161li u Ellas Estate, vode\u0107u kompaniju za nekretnine u Gr\u010dkoj sa preko 10 godina iskustva na tr\u017ei\u0161tu nekretnina. Ponosni smo na na\u0161u reputaciju pouzdanog partnera, poma\u017eu\u0107i klijentima da ostvare svoje snove o posedovanju doma, poslovnog prostora ili pronala\u017eenju savr\u0161enog prostora za iznajmljivanje na jednoj od najlep\u0161ih&#8230;<\/p>\n","protected":false},"author":79,"featured_media":0,"parent":0,"menu_order":0,"comment_status":"closed","ping_status":"closed","template":"elementor_header_footer","meta":{"_acf_changed":false,"iawp_total_views":28,"_glsr_average":0,"_glsr_ranking":0,"_glsr_reviews":0,"footnotes":""},"class_list":["post-39347","page","type-page","status-publish","hentry"],"acf":[],"_links":{"self":[{"href":"https:\/\/www.ellasestate.com\/rs\/wp-json\/wp\/v2\/pages\/39347","targetHints":{"allow":["GET"]}}],"collection":[{"href":"https:\/\/www.ellasestate.com\/rs\/wp-json\/wp\/v2\/pages"}],"about":[{"href":"https:\/\/www.ellasestate.com\/rs\/wp-json\/wp\/v2\/types\/page"}],"author":[{"embeddable":true,"href":"https:\/\/www.ellasestate.com\/rs\/wp-json\/wp\/v2\/users\/79"}],"replies":[{"embeddable":true,"href":"https:\/\/www.ellasestate.com\/rs\/wp-json\/wp\/v2\/comments?post=39347"}],"version-history":[{"count":0,"href":"https:\/\/www.ellasestate.com\/rs\/wp-json\/wp\/v2\/pages\/39347\/revisions"}],"wp:attachment":[{"href":"https:\/\/www.ellasestate.com\/rs\/wp-json\/wp\/v2\/media?parent=39347"}],"curies":[{"name":"wp","href":"https:\/\/api.w.org\/{rel}","templated":true}]}}