{"id":46577,"date":"2024-12-31T16:46:12","date_gmt":"2024-12-31T13:46:12","guid":{"rendered":"https:\/\/www.ellasestate.com\/rechtsdienstleistungen\/"},"modified":"2025-10-03T20:18:41","modified_gmt":"2025-10-03T17:18:41","slug":"rechtsdienstleistungen","status":"publish","type":"page","link":"https:\/\/www.ellasestate.com\/de\/rechtsdienstleistungen\/","title":{"rendered":"Rechtsdienstleistungen"},"content":{"rendered":"\t\t<div data-elementor-type=\"wp-page\" data-elementor-id=\"46577\" class=\"elementor elementor-46577 elementor-7280\">\n\t\t\t\t<div class=\"elementor-element elementor-element-b4d3047 e-flex e-con-boxed e-con e-parent\" data-id=\"b4d3047\" data-element_type=\"container\" data-e-type=\"container\">\n\t\t\t\t\t<div class=\"e-con-inner\">\n\t\t\t\t<div class=\"elementor-element elementor-element-8c72861 elementor-widget elementor-widget-text-editor\" data-id=\"8c72861\" data-element_type=\"widget\" data-e-type=\"widget\" data-widget_type=\"text-editor.default\">\n\t\t\t\t\t\t\t\t\t<p>Rechtliche Unterst\u00fctzungsleistungen<\/p>\t\t\t\t\t\t\t\t<\/div>\n\t\t\t\t\t<\/div>\n\t\t\t\t<\/div>\n\t\t<div class=\"elementor-element elementor-element-99b4ee1 e-flex e-con-boxed e-con e-parent\" data-id=\"99b4ee1\" data-element_type=\"container\" data-e-type=\"container\">\n\t\t\t\t\t<div class=\"e-con-inner\">\n\t\t<div class=\"elementor-element elementor-element-fe98578 e-con-full e-flex e-con e-child\" data-id=\"fe98578\" data-element_type=\"container\" data-e-type=\"container\" data-settings=\"{&quot;background_background&quot;:&quot;classic&quot;}\">\n\t\t\t\t<div class=\"elementor-element elementor-element-558cb5c elementor-widget elementor-widget-html\" data-id=\"558cb5c\" data-element_type=\"widget\" data-e-type=\"widget\" data-widget_type=\"html.default\">\n\t\t\t\t\t<script src=\"https:\/\/unpkg.com\/@dotlottie\/player-component@2.7.12\/dist\/dotlottie-player.mjs\" type=\"module\"><\/script>\r\n<dotlottie-player src=\"https:\/\/lottie.host\/ce4fb602-02e7-49c3-9473-6e4ab3d48b4f\/R08zy7uSlW.lottie\" background=\"transparent\" speed=\"0.5\" style=\"width: 300px; height: 300px\" loop=\"\" autoplay=\"\"><\/dotlottie-player>\t\t\t\t<\/div>\n\t\t\t\t<\/div>\n\t\t<div class=\"elementor-element elementor-element-8de1f9d e-con-full e-flex e-con e-child\" data-id=\"8de1f9d\" data-element_type=\"container\" data-e-type=\"container\">\n\t\t\t\t<div class=\"elementor-element elementor-element-0f7dfa1 elementor-widget elementor-widget-text-editor\" data-id=\"0f7dfa1\" data-element_type=\"widget\" data-e-type=\"widget\" data-widget_type=\"text-editor.default\">\n\t\t\t\t\t\t\t\t\t<p>Ellas Estate arbeitet mit einem Team hochqualifizierter Anw\u00e4lte zusammen, die \u00fcber spezialisiertes Fachwissen in verschiedenen Rechtsgebieten verf\u00fcgen.<\/p>\t\t\t\t\t\t\t\t<\/div>\n\t\t\t\t<\/div>\n\t\t\t\t\t<\/div>\n\t\t\t\t<\/div>\n\t\t<div class=\"elementor-element elementor-element-7bfb0a4 e-con-full e-flex e-con e-parent\" data-id=\"7bfb0a4\" data-element_type=\"container\" data-e-type=\"container\" data-settings=\"{&quot;background_background&quot;:&quot;classic&quot;}\">\n\t\t\t\t<div class=\"elementor-element elementor-element-146c663 elementor-widget elementor-widget-spacer\" data-id=\"146c663\" data-element_type=\"widget\" data-e-type=\"widget\" data-widget_type=\"spacer.default\">\n\t\t\t\t\t\t\t<div class=\"elementor-spacer\">\n\t\t\t<div class=\"elementor-spacer-inner\"><\/div>\n\t\t<\/div>\n\t\t\t\t\t\t<\/div>\n\t\t\t\t<\/div>\n\t\t<div class=\"elementor-element elementor-element-a071b19 e-flex e-con-boxed e-con e-parent\" data-id=\"a071b19\" data-element_type=\"container\" data-e-type=\"container\">\n\t\t\t\t\t<div class=\"e-con-inner\">\n\t\t\t\t<div class=\"elementor-element elementor-element-5f94d3b elementor-widget elementor-widget-html\" data-id=\"5f94d3b\" data-element_type=\"widget\" data-e-type=\"widget\" data-widget_type=\"html.default\">\n\t\t\t\t\t<script src=\"https:\/\/unpkg.com\/@dotlottie\/player-component@2.7.12\/dist\/dotlottie-player.mjs\" type=\"module\"><\/script>\r\n<dotlottie-player src=\"https:\/\/lottie.host\/8a2acc2f-e255-4b1b-ac1a-ea7359a8b6fc\/MWmtJK87pR.lottie\" background=\"transparent\" speed=\"0.5\" style=\"width: 250px; height: 250px\" loop=\"\" autoplay=\"\"><\/dotlottie-player>\t\t\t\t<\/div>\n\t\t\t\t\t<\/div>\n\t\t\t\t<\/div>\n\t\t<div class=\"elementor-element elementor-element-8beeb9a e-con-full e-flex e-con e-parent\" data-id=\"8beeb9a\" data-element_type=\"container\" data-e-type=\"container\">\n\t\t<div class=\"elementor-element elementor-element-a780022 e-con-full e-flex e-con e-child\" data-id=\"a780022\" data-element_type=\"container\" data-e-type=\"container\" data-settings=\"{&quot;background_background&quot;:&quot;classic&quot;}\">\n\t\t\t\t<div class=\"elementor-element elementor-element-1bb40cb elementor-widget elementor-widget-icon-box\" data-id=\"1bb40cb\" data-element_type=\"widget\" data-e-type=\"widget\" data-widget_type=\"icon-box.default\">\n\t\t\t\t\t\t\t<div class=\"elementor-icon-box-wrapper\">\n\n\t\t\t\n\t\t\t\t\t\t<div class=\"elementor-icon-box-content\">\n\n\t\t\t\t\t\t\t\t\t<h3 class=\"elementor-icon-box-title\">\n\t\t\t\t\t\t<span  >\n\t\t\t\t\t\t\tZivilrecht\t\t\t\t\t\t<\/span>\n\t\t\t\t\t<\/h3>\n\t\t\t\t\n\t\t\t\t\t\t\t\t\t<p class=\"elementor-icon-box-description\">\n\t\t\t\t\t\t<ul>\n  <li>Eigentums\u00fcbertragungen<\/li>\n  <li>Vermietung von Wohn- und Gewerbeimmobilien<\/li>\n  <li>Elterliche Schenkungsregelungen<\/li>\n  <li>Schenkungsvertr\u00e4ge, Testamente und Annahme von Erbschaften<\/li>\n  <li>Immobilienverwaltung<\/li>\n  <li>Immobilienleasing und Timesharing<\/li>\n  <li>Bau- und Reparaturvertr\u00e4ge, einschlie\u00dflich der Entwicklung von Gemeinschaftseigentum<\/li>\n  <li>Dingliche Verpflichtungen und Sicherheiten<\/li>\n<\/ul>\n\t\t\t\t\t<\/p>\n\t\t\t\t\n\t\t\t<\/div>\n\t\t\t\n\t\t<\/div>\n\t\t\t\t\t\t<\/div>\n\t\t\t\t<\/div>\n\t\t<div class=\"elementor-element elementor-element-96cbd97 e-con-full e-flex e-con e-child\" data-id=\"96cbd97\" data-element_type=\"container\" data-e-type=\"container\" data-settings=\"{&quot;background_background&quot;:&quot;classic&quot;}\">\n\t\t\t\t<div class=\"elementor-element elementor-element-653a997 elementor-widget elementor-widget-icon-box\" data-id=\"653a997\" data-element_type=\"widget\" data-e-type=\"widget\" data-widget_type=\"icon-box.default\">\n\t\t\t\t\t\t\t<div class=\"elementor-icon-box-wrapper\">\n\n\t\t\t\n\t\t\t\t\t\t<div class=\"elementor-icon-box-content\">\n\n\t\t\t\t\t\t\t\t\t<h3 class=\"elementor-icon-box-title\">\n\t\t\t\t\t\t<span  >\n\t\t\t\t\t\t\t\u00d6ffentliches Recht\t\t\t\t\t\t<\/span>\n\t\t\t\t\t<\/h3>\n\t\t\t\t\n\t\t\t\t\t\t\t\t\t<p class=\"elementor-icon-box-description\">\n\t\t\t\t\t\t<ul>\n  <li>Besteuerung: Einzelpersonen, Unternehmen, internationales Steuerrecht, Doppelbesteuerungsabkommen<\/li>\n  <li>Regierungsprojekte: \u00d6ffentlich-private Partnerschaften<\/li>\n  <li>Stadtplanung und Baurecht<\/li>\n  <li>Umwelt- und Forstrecht<\/li>\n  <li>Recht der erneuerbaren Energien und Regulierung von Energiesystemen<\/li>\n<\/ul>\n\t\t\t\t\t<\/p>\n\t\t\t\t\n\t\t\t<\/div>\n\t\t\t\n\t\t<\/div>\n\t\t\t\t\t\t<\/div>\n\t\t\t\t<\/div>\n\t\t<div class=\"elementor-element elementor-element-e417a6b e-con-full e-flex e-con e-child\" data-id=\"e417a6b\" data-element_type=\"container\" data-e-type=\"container\" data-settings=\"{&quot;background_background&quot;:&quot;classic&quot;}\">\n\t\t\t\t<div class=\"elementor-element elementor-element-ef6343a elementor-widget elementor-widget-icon-box\" data-id=\"ef6343a\" data-element_type=\"widget\" data-e-type=\"widget\" data-widget_type=\"icon-box.default\">\n\t\t\t\t\t\t\t<div class=\"elementor-icon-box-wrapper\">\n\n\t\t\t\n\t\t\t\t\t\t<div class=\"elementor-icon-box-content\">\n\n\t\t\t\t\t\t\t\t\t<h3 class=\"elementor-icon-box-title\">\n\t\t\t\t\t\t<span  >\n\t\t\t\t\t\t\tHandelsrecht\t\t\t\t\t\t<\/span>\n\t\t\t\t\t<\/h3>\n\t\t\t\t\n\t\t\t\t\t\t\t\t\t<p class=\"elementor-icon-box-description\">\n\t\t\t\t\t\t<ul>\n  <li>Gesellschaftsrecht: Satzungen, Fusionen<\/li>\n  <li>Insolvenz: Liquidationen, Reorganisation<\/li>\n  <li>Leasing: Vertr\u00e4ge, Mietanpassungen<\/li>\n  <li>Vertr\u00e4ge: Joint Ventures, Handelsabkommen<\/li>\n  <li>Besteuerung: Einzelpersonen, Unternehmen, international<\/li>\n  <li>Regierungsprojekte: \u00d6PPs<\/li>\n  <li>Stadtplanung<\/li>\n  <li>Umweltrecht<\/li>\n  <li>Erneuerbare Energien<\/li>\n<\/ul>\n\t\t\t\t\t<\/p>\n\t\t\t\t\n\t\t\t<\/div>\n\t\t\t\n\t\t<\/div>\n\t\t\t\t\t\t<\/div>\n\t\t\t\t<\/div>\n\t\t<div class=\"elementor-element elementor-element-124e440 e-con-full e-flex e-con e-child\" data-id=\"124e440\" data-element_type=\"container\" data-e-type=\"container\" data-settings=\"{&quot;background_background&quot;:&quot;classic&quot;}\">\n\t\t\t\t<div class=\"elementor-element elementor-element-37e263b elementor-widget elementor-widget-icon-box\" data-id=\"37e263b\" data-element_type=\"widget\" data-e-type=\"widget\" data-widget_type=\"icon-box.default\">\n\t\t\t\t\t\t\t<div class=\"elementor-icon-box-wrapper\">\n\n\t\t\t\n\t\t\t\t\t\t<div class=\"elementor-icon-box-content\">\n\n\t\t\t\t\t\t\t\t\t<h3 class=\"elementor-icon-box-title\">\n\t\t\t\t\t\t<span  >\n\t\t\t\t\t\t\tAufenthaltsgenehmigungen\t\t\t\t\t\t<\/span>\n\t\t\t\t\t<\/h3>\n\t\t\t\t\n\t\t\t\t\t\t\t\t\t<p class=\"elementor-icon-box-description\">\n\t\t\t\t\t\t<ul>\n  <li>Befristete Aufenthaltsgenehmigung<\/li>\n  <li>Daueraufenthaltsgenehmigung<\/li>\n  <li>Golden Visa<\/li>\n  <li>Arbeitsvisum<\/li>\n  <li>Studentenaufenthaltsgenehmigung<\/li>\n  <li>Visum zur Familienzusammenf\u00fchrung<\/li>\n  <li>Unternehmervisum<\/li>\n  <li>Fl\u00fcchtlings- oder Asylbewerbererlaubnis<\/li>\n<\/ul>\n\t\t\t\t\t<\/p>\n\t\t\t\t\n\t\t\t<\/div>\n\t\t\t\n\t\t<\/div>\n\t\t\t\t\t\t<\/div>\n\t\t\t\t<\/div>\n\t\t\t\t<\/div>\n\t\t<div class=\"elementor-element elementor-element-ec1dfe9 e-flex e-con-boxed e-con e-parent\" data-id=\"ec1dfe9\" data-element_type=\"container\" data-e-type=\"container\">\n\t\t\t\t\t<div class=\"e-con-inner\">\n\t\t\t\t<div class=\"elementor-element elementor-element-3c667dd elementor-widget elementor-widget-rhea-button-widget\" data-id=\"3c667dd\" data-element_type=\"widget\" data-e-type=\"widget\" data-widget_type=\"rhea-button-widget.default\">\n\t\t\t\t<div class=\"elementor-widget-container\">\n\t\t\t\t\t            <a class=\"rhea-custom-button default\" href=\"https:\/\/www.ellasestate.com\/contact\/\"\n\t\t\t\t\t\t\t\t            >\n\t\t\t\t                    <i class=\"fa-regular far fa-edit\"><\/i>Kontaktieren Sie uns            <\/a>\n\t\t\t\t\t\t\t<\/div>\n\t\t\t\t<\/div>\n\t\t\t\t\t<\/div>\n\t\t\t\t<\/div>\n\t\t\t\t<\/div>\n\t\t","protected":false},"excerpt":{"rendered":"<p>Rechtliche Unterst\u00fctzungsleistungen Ellas Estate arbeitet mit einem Team hochqualifizierter Anw\u00e4lte zusammen, die \u00fcber spezialisiertes Fachwissen in verschiedenen Rechtsgebieten verf\u00fcgen. Zivilrecht Eigentums\u00fcbertragungen Vermietung von Wohn- und Gewerbeimmobilien Elterliche Schenkungsregelungen Schenkungsvertr\u00e4ge, Testamente und Annahme von Erbschaften Immobilienverwaltung Immobilienleasing und Timesharing Bau- und Reparaturvertr\u00e4ge, einschlie\u00dflich der Entwicklung von Gemeinschaftseigentum Dingliche Verpflichtungen und Sicherheiten \u00d6ffentliches Recht Besteuerung: Einzelpersonen, Unternehmen,&#8230;<\/p>\n","protected":false},"author":79,"featured_media":0,"parent":0,"menu_order":0,"comment_status":"closed","ping_status":"closed","template":"elementor_header_footer","meta":{"_acf_changed":false,"iawp_total_views":26,"_glsr_average":0,"_glsr_ranking":0,"_glsr_reviews":0,"footnotes":""},"class_list":["post-46577","page","type-page","status-publish","hentry"],"acf":[],"_links":{"self":[{"href":"https:\/\/www.ellasestate.com\/de\/wp-json\/wp\/v2\/pages\/46577","targetHints":{"allow":["GET"]}}],"collection":[{"href":"https:\/\/www.ellasestate.com\/de\/wp-json\/wp\/v2\/pages"}],"about":[{"href":"https:\/\/www.ellasestate.com\/de\/wp-json\/wp\/v2\/types\/page"}],"author":[{"embeddable":true,"href":"https:\/\/www.ellasestate.com\/de\/wp-json\/wp\/v2\/users\/79"}],"replies":[{"embeddable":true,"href":"https:\/\/www.ellasestate.com\/de\/wp-json\/wp\/v2\/comments?post=46577"}],"version-history":[{"count":0,"href":"https:\/\/www.ellasestate.com\/de\/wp-json\/wp\/v2\/pages\/46577\/revisions"}],"wp:attachment":[{"href":"https:\/\/www.ellasestate.com\/de\/wp-json\/wp\/v2\/media?parent=46577"}],"curies":[{"name":"wp","href":"https:\/\/api.w.org\/{rel}","templated":true}]}}