{"id":46558,"date":"2025-01-05T17:49:27","date_gmt":"2025-01-05T14:49:27","guid":{"rendered":"https:\/\/www.ellasestate.com\/investition\/"},"modified":"2025-10-03T20:18:23","modified_gmt":"2025-10-03T17:18:23","slug":"investition","status":"publish","type":"page","link":"https:\/\/www.ellasestate.com\/de\/investition\/","title":{"rendered":"Investition"},"content":{"rendered":"\t\t<div data-elementor-type=\"wp-page\" data-elementor-id=\"46558\" class=\"elementor elementor-46558 elementor-7751\">\n\t\t\t\t<div class=\"elementor-element elementor-element-85c3ef8 e-flex e-con-boxed e-con e-parent\" data-id=\"85c3ef8\" data-element_type=\"container\" data-e-type=\"container\">\n\t\t\t\t\t<div class=\"e-con-inner\">\n\t\t\t\t<div class=\"elementor-element elementor-element-b834847 elementor-widget elementor-widget-heading\" data-id=\"b834847\" data-element_type=\"widget\" data-e-type=\"widget\" data-widget_type=\"heading.default\">\n\t\t\t\t\t<h2 class=\"elementor-heading-title elementor-size-default\">Investitions\u00fcbersicht<\/h2>\t\t\t\t<\/div>\n\t\t\t\t\t<\/div>\n\t\t\t\t<\/div>\n\t\t<div class=\"elementor-element elementor-element-53a7409 e-flex e-con-boxed e-con e-parent\" data-id=\"53a7409\" data-element_type=\"container\" data-e-type=\"container\">\n\t\t\t\t\t<div class=\"e-con-inner\">\n\t\t<div class=\"elementor-element elementor-element-da485c0 e-con-full e-flex e-con e-child\" data-id=\"da485c0\" data-element_type=\"container\" data-e-type=\"container\">\n\t\t\t\t<div class=\"elementor-element elementor-element-c00f9c0 elementor-widget elementor-widget-html\" data-id=\"c00f9c0\" data-element_type=\"widget\" data-e-type=\"widget\" data-widget_type=\"html.default\">\n\t\t\t\t\t<script src=\"https:\/\/unpkg.com\/@dotlottie\/player-component@2.7.12\/dist\/dotlottie-player.mjs\" type=\"module\"><\/script>\r\n<dotlottie-player src=\"https:\/\/lottie.host\/b123d718-6bc3-4afc-8517-e9008d9f4028\/SmjMv3fa9T.lottie\" background=\"transparent\" speed=\"0.5\" style=\"width: 300px; height: 300px\" loop=\"\" autoplay=\"\"><\/dotlottie-player>\t\t\t\t<\/div>\n\t\t\t\t<div class=\"elementor-element elementor-element-fe65d00 elementor-position-inline-start elementor-view-default elementor-mobile-position-block-start elementor-widget elementor-widget-icon-box\" data-id=\"fe65d00\" data-element_type=\"widget\" data-e-type=\"widget\" data-widget_type=\"icon-box.default\">\n\t\t\t\t\t\t\t<div class=\"elementor-icon-box-wrapper\">\n\n\t\t\t\t\t\t<div class=\"elementor-icon-box-icon\">\n\t\t\t\t<span  class=\"elementor-icon\">\n\t\t\t\t<svg aria-hidden=\"true\" class=\"e-font-icon-svg e-fas-house-user\" viewBox=\"0 0 576 512\" xmlns=\"http:\/\/www.w3.org\/2000\/svg\"><path d=\"M570.69,236.27,512,184.44V48a16,16,0,0,0-16-16H432a16,16,0,0,0-16,16V99.67L314.78,10.3C308.5,4.61,296.53,0,288,0s-20.46,4.61-26.74,10.3l-256,226A18.27,18.27,0,0,0,0,248.2a18.64,18.64,0,0,0,4.09,10.71L25.5,282.7a21.14,21.14,0,0,0,12,5.3,21.67,21.67,0,0,0,10.69-4.11l15.9-14V480a32,32,0,0,0,32,32H480a32,32,0,0,0,32-32V269.88l15.91,14A21.94,21.94,0,0,0,538.63,288a20.89,20.89,0,0,0,11.87-5.31l21.41-23.81A21.64,21.64,0,0,0,576,248.19,21,21,0,0,0,570.69,236.27ZM288,176a64,64,0,1,1-64,64A64,64,0,0,1,288,176ZM400,448H176a16,16,0,0,1-16-16,96,96,0,0,1,96-96h64a96,96,0,0,1,96,96A16,16,0,0,1,400,448Z\"><\/path><\/svg>\t\t\t\t<\/span>\n\t\t\t<\/div>\n\t\t\t\n\t\t\t\t\t\t<div class=\"elementor-icon-box-content\">\n\n\t\t\t\t\n\t\t\t\t\t\t\t\t\t<p class=\"elementor-icon-box-description\">\n\t\t\t\t\t\t<ul>\n  <li> Immobilieninvestitionen in Griechenland sind \u00e4u\u00dferst profitabel. <\/li>\n  <li> Touristische Resorts auf der Halbinsel Chalkidiki. <\/li>\n  <li> Griechische Inseln. <\/li>\n  <li> Gro\u00dfe urbane Zentren f\u00fcr vielf\u00e4ltige Gesch\u00e4ftsm\u00f6glichkeiten. <\/li>\n<\/ul>\n\n\t\t\t\t\t<\/p>\n\t\t\t\t\n\t\t\t<\/div>\n\t\t\t\n\t\t<\/div>\n\t\t\t\t\t\t<\/div>\n\t\t\t\t<\/div>\n\t\t<div class=\"elementor-element elementor-element-6c79cbc e-con-full e-flex e-con e-child\" data-id=\"6c79cbc\" data-element_type=\"container\" data-e-type=\"container\">\n\t\t\t\t<div class=\"elementor-element elementor-element-9669365 elementor-widget elementor-widget-html\" data-id=\"9669365\" data-element_type=\"widget\" data-e-type=\"widget\" data-widget_type=\"html.default\">\n\t\t\t\t\t<script src=\"https:\/\/unpkg.com\/@dotlottie\/player-component@2.7.12\/dist\/dotlottie-player.mjs\" type=\"module\"><\/script>\r\n<dotlottie-player src=\"https:\/\/lottie.host\/0a47a344-b4f1-4159-b5ef-f015c37849dd\/KC2eHbORpn.lottie\" background=\"transparent\" speed=\"0.5\" style=\"width: 300px; height: 300px\" loop=\"\" autoplay=\"\"><\/dotlottie-player>\t\t\t\t<\/div>\n\t\t\t\t<div class=\"elementor-element elementor-element-db72290 elementor-position-inline-start elementor-view-default elementor-mobile-position-block-start elementor-widget elementor-widget-icon-box\" data-id=\"db72290\" data-element_type=\"widget\" data-e-type=\"widget\" data-widget_type=\"icon-box.default\">\n\t\t\t\t\t\t\t<div class=\"elementor-icon-box-wrapper\">\n\n\t\t\t\t\t\t<div class=\"elementor-icon-box-icon\">\n\t\t\t\t<span  class=\"elementor-icon\">\n\t\t\t\t<svg aria-hidden=\"true\" class=\"e-font-icon-svg e-fas-piggy-bank\" viewBox=\"0 0 576 512\" xmlns=\"http:\/\/www.w3.org\/2000\/svg\"><path d=\"M560 224h-29.5c-8.8-20-21.6-37.7-37.4-52.5L512 96h-32c-29.4 0-55.4 13.5-73 34.3-7.6-1.1-15.1-2.3-23-2.3H256c-77.4 0-141.9 55-156.8 128H56c-14.8 0-26.5-13.5-23.5-28.8C34.7 215.8 45.4 208 57 208h1c3.3 0 6-2.7 6-6v-20c0-3.3-2.7-6-6-6-28.5 0-53.9 20.4-57.5 48.6C-3.9 258.8 22.7 288 56 288h40c0 52.2 25.4 98.1 64 127.3V496c0 8.8 7.2 16 16 16h64c8.8 0 16-7.2 16-16v-48h128v48c0 8.8 7.2 16 16 16h64c8.8 0 16-7.2 16-16v-80.7c11.8-8.9 22.3-19.4 31.3-31.3H560c8.8 0 16-7.2 16-16V240c0-8.8-7.2-16-16-16zm-128 64c-8.8 0-16-7.2-16-16s7.2-16 16-16 16 7.2 16 16-7.2 16-16 16zM256 96h128c5.4 0 10.7.4 15.9.8 0-.3.1-.5.1-.8 0-53-43-96-96-96s-96 43-96 96c0 2.1.5 4.1.6 6.2 15.2-3.9 31-6.2 47.4-6.2z\"><\/path><\/svg>\t\t\t\t<\/span>\n\t\t\t<\/div>\n\t\t\t\n\t\t\t\t\t\t<div class=\"elementor-icon-box-content\">\n\n\t\t\t\t\n\t\t\t\t\t\t\t\t\t<p class=\"elementor-icon-box-description\">\n\t\t\t\t\t\t<ul>\n  <li> Niedrigere Anschaffungskosten. <\/li>\n  <li> Ratenzahlungen \u00fcber das Off-Plan-System\n <\/li>\n  <li>Bis zu 20 % Gewinn im Vergleich zum Kauf einer fertiggestellten Immobilie. <\/li>\n  <li> Luxusstandorte <\/li>\n<\/ul>\n\n\t\t\t\t\t<\/p>\n\t\t\t\t\n\t\t\t<\/div>\n\t\t\t\n\t\t<\/div>\n\t\t\t\t\t\t<\/div>\n\t\t\t\t<\/div>\n\t\t\t\t\t<\/div>\n\t\t\t\t<\/div>\n\t\t<div class=\"elementor-element elementor-element-60b77c6 e-flex e-con-boxed e-con e-parent\" data-id=\"60b77c6\" data-element_type=\"container\" data-e-type=\"container\">\n\t\t\t\t\t<div class=\"e-con-inner\">\n\t\t\t\t<div class=\"elementor-element elementor-element-78fb071 elementor-widget-divider--view-line_icon elementor-view-default elementor-widget-divider--element-align-center elementor-widget elementor-widget-divider\" data-id=\"78fb071\" data-element_type=\"widget\" data-e-type=\"widget\" data-widget_type=\"divider.default\">\n\t\t\t\t\t\t\t<div class=\"elementor-divider\">\n\t\t\t<span class=\"elementor-divider-separator\">\n\t\t\t\t\t\t\t<div class=\"elementor-icon elementor-divider__element\">\n\t\t\t\t\t<svg aria-hidden=\"true\" class=\"e-font-icon-svg e-fas-euro-sign\" viewBox=\"0 0 320 512\" xmlns=\"http:\/\/www.w3.org\/2000\/svg\"><path d=\"M310.706 413.765c-1.314-6.63-7.835-10.872-14.424-9.369-10.692 2.439-27.422 5.413-45.426 5.413-56.763 0-101.929-34.79-121.461-85.449h113.689a12 12 0 0 0 11.708-9.369l6.373-28.36c1.686-7.502-4.019-14.631-11.708-14.631H115.22c-1.21-14.328-1.414-28.287.137-42.245H261.95a12 12 0 0 0 11.723-9.434l6.512-29.755c1.638-7.484-4.061-14.566-11.723-14.566H130.184c20.633-44.991 62.69-75.03 117.619-75.03 14.486 0 28.564 2.25 37.851 4.145 6.216 1.268 12.347-2.498 14.002-8.623l11.991-44.368c1.822-6.741-2.465-13.616-9.326-14.917C290.217 34.912 270.71 32 249.635 32 152.451 32 74.03 92.252 45.075 176H12c-6.627 0-12 5.373-12 12v29.755c0 6.627 5.373 12 12 12h21.569c-1.009 13.607-1.181 29.287-.181 42.245H12c-6.627 0-12 5.373-12 12v28.36c0 6.627 5.373 12 12 12h30.114C67.139 414.692 145.264 480 249.635 480c26.301 0 48.562-4.544 61.101-7.788 6.167-1.595 10.027-7.708 8.788-13.957l-8.818-44.49z\"><\/path><\/svg><\/div>\n\t\t\t\t\t\t<\/span>\n\t\t<\/div>\n\t\t\t\t\t\t<\/div>\n\t\t\t\t\t<\/div>\n\t\t\t\t<\/div>\n\t\t<div class=\"elementor-element elementor-element-e770443 e-flex e-con-boxed e-con e-parent\" data-id=\"e770443\" data-element_type=\"container\" data-e-type=\"container\">\n\t\t\t\t\t<div class=\"e-con-inner\">\n\t\t\t\t<div class=\"elementor-element elementor-element-1833064 elementor-widget elementor-widget-html\" data-id=\"1833064\" data-element_type=\"widget\" data-e-type=\"widget\" data-widget_type=\"html.default\">\n\t\t\t\t\t<script src=\"https:\/\/unpkg.com\/@dotlottie\/player-component@2.7.12\/dist\/dotlottie-player.mjs\" type=\"module\"><\/script>\r\n<dotlottie-player src=\"https:\/\/lottie.host\/c3c09c9b-6dbd-462f-9ba5-74a632b12d90\/KyaoMF5kcQ.lottie\" background=\"transparent\" speed=\"1\" style=\"width: 300px; height: 300px\" loop=\"\" autoplay=\"\"><\/dotlottie-player>\t\t\t\t<\/div>\n\t\t<div class=\"elementor-element elementor-element-bddd396 e-con-full e-flex e-con e-child\" data-id=\"bddd396\" data-element_type=\"container\" data-e-type=\"container\">\n\t\t<div class=\"elementor-element elementor-element-6235226 e-con-full e-flex e-con e-child\" data-id=\"6235226\" data-element_type=\"container\" data-e-type=\"container\">\n\t\t\t\t<div class=\"elementor-element elementor-element-e8cccb7 elementor-widget elementor-widget-icon-box\" data-id=\"e8cccb7\" data-element_type=\"widget\" data-e-type=\"widget\" data-widget_type=\"icon-box.default\">\n\t\t\t\t\t\t\t<div class=\"elementor-icon-box-wrapper\">\n\n\t\t\t\n\t\t\t\t\t\t<div class=\"elementor-icon-box-content\">\n\n\t\t\t\t\t\t\t\t\t<h4 class=\"elementor-icon-box-title\">\n\t\t\t\t\t\t<span  >\n\t\t\t\t\t\t\tInvestitionsm\u00f6glichkeiten in Griechenland\t\t\t\t\t\t<\/span>\n\t\t\t\t\t<\/h4>\n\t\t\t\t\n\t\t\t\t\t\t\t\t\t<p class=\"elementor-icon-box-description\">\n\t\t\t\t\t\t\u2022 Endlose blaue Meere und goldene Sandstr\u00e4nde.<br>\u2022 EU-ausgezeichnete \u201eBlaue Flaggen\u201c f\u00fcr Sauberkeit und Sicherheit.<br>\u2022 Starke Nachfrage nach Immobilien in K\u00fcsten- und Tourismusgebieten.\n<br>\n\t\t\t\t\t<\/p>\n\t\t\t\t\n\t\t\t<\/div>\n\t\t\t\n\t\t<\/div>\n\t\t\t\t\t\t<\/div>\n\t\t\t\t<\/div>\n\t\t<div class=\"elementor-element elementor-element-c7e4223 e-con-full e-flex e-con e-child\" data-id=\"c7e4223\" data-element_type=\"container\" data-e-type=\"container\">\n\t\t\t\t<div class=\"elementor-element elementor-element-ccd928b elementor-widget elementor-widget-spacer\" data-id=\"ccd928b\" data-element_type=\"widget\" data-e-type=\"widget\" data-widget_type=\"spacer.default\">\n\t\t\t\t\t\t\t<div class=\"elementor-spacer\">\n\t\t\t<div class=\"elementor-spacer-inner\"><\/div>\n\t\t<\/div>\n\t\t\t\t\t\t<\/div>\n\t\t\t\t<div class=\"elementor-element elementor-element-ebce22e elementor-widget elementor-widget-rhea-button-widget\" data-id=\"ebce22e\" data-element_type=\"widget\" data-e-type=\"widget\" data-widget_type=\"rhea-button-widget.default\">\n\t\t\t\t<div class=\"elementor-widget-container\">\n\t\t\t\t\t            <a class=\"rhea-custom-button default\" href=\"https:\/\/www.ellasestate.com\/contact\/\"\n\t\t\t\t\t\t\t\t            >\n\t\t\t\t                    <i class=\"fa-regular far fa-edit\"><\/i>Kontaktieren Sie uns            <\/a>\n\t\t\t\t\t\t\t<\/div>\n\t\t\t\t<\/div>\n\t\t\t\t<\/div>\n\t\t\t\t<\/div>\n\t\t\t\t\t<\/div>\n\t\t\t\t<\/div>\n\t\t\t\t<\/div>\n\t\t","protected":false},"excerpt":{"rendered":"<p>Investitions\u00fcbersicht Immobilieninvestitionen in Griechenland sind \u00e4u\u00dferst profitabel. Touristische Resorts auf der Halbinsel Chalkidiki. Griechische Inseln. Gro\u00dfe urbane Zentren f\u00fcr vielf\u00e4ltige Gesch\u00e4ftsm\u00f6glichkeiten. Niedrigere Anschaffungskosten. Ratenzahlungen \u00fcber das Off-Plan-System Bis zu 20 % Gewinn im Vergleich zum Kauf einer fertiggestellten Immobilie. Luxusstandorte Investitionsm\u00f6glichkeiten in Griechenland \u2022 Endlose blaue Meere und goldene Sandstr\u00e4nde.\u2022 EU-ausgezeichnete \u201eBlaue Flaggen\u201c f\u00fcr Sauberkeit&#8230;<\/p>\n","protected":false},"author":79,"featured_media":0,"parent":0,"menu_order":0,"comment_status":"closed","ping_status":"closed","template":"elementor_header_footer","meta":{"_acf_changed":false,"iawp_total_views":22,"_glsr_average":0,"_glsr_ranking":0,"_glsr_reviews":0,"footnotes":""},"class_list":["post-46558","page","type-page","status-publish","hentry"],"acf":[],"_links":{"self":[{"href":"https:\/\/www.ellasestate.com\/de\/wp-json\/wp\/v2\/pages\/46558","targetHints":{"allow":["GET"]}}],"collection":[{"href":"https:\/\/www.ellasestate.com\/de\/wp-json\/wp\/v2\/pages"}],"about":[{"href":"https:\/\/www.ellasestate.com\/de\/wp-json\/wp\/v2\/types\/page"}],"author":[{"embeddable":true,"href":"https:\/\/www.ellasestate.com\/de\/wp-json\/wp\/v2\/users\/79"}],"replies":[{"embeddable":true,"href":"https:\/\/www.ellasestate.com\/de\/wp-json\/wp\/v2\/comments?post=46558"}],"version-history":[{"count":0,"href":"https:\/\/www.ellasestate.com\/de\/wp-json\/wp\/v2\/pages\/46558\/revisions"}],"wp:attachment":[{"href":"https:\/\/www.ellasestate.com\/de\/wp-json\/wp\/v2\/media?parent=46558"}],"curies":[{"name":"wp","href":"https:\/\/api.w.org\/{rel}","templated":true}]}}