{"id":46545,"date":"2025-01-09T22:10:37","date_gmt":"2025-01-09T19:10:37","guid":{"rendered":"https:\/\/www.ellasestate.com\/allgemeine-geschaeftsbedingungen\/"},"modified":"2025-10-03T20:18:07","modified_gmt":"2025-10-03T17:18:07","slug":"allgemeine-geschaeftsbedingungen","status":"publish","type":"page","link":"https:\/\/www.ellasestate.com\/de\/allgemeine-geschaeftsbedingungen\/","title":{"rendered":"Allgemeine Gesch\u00e4ftsbedingungen"},"content":{"rendered":"\n<p><strong>Nutzungsbedingungen<\/strong><\/p>\n\n<p>Willkommen auf https:\/\/www.ellasestate.com. Die Website und\/oder das Portal https:\/\/www.ellasestate.com (im Folgenden \u201eWebsite\u201c genannt) wurde von der Firma \u201eELLAS ESTATE DS GROUP A.E.\u201c erstellt, um ihren Besuchern\/Nutzern (im Folgenden \u201eNutzer\u201c genannt) Informationen und Dienstleistungen anzubieten. Die Nutzer haben Zugang zur Website und nutzen diese ausschlie\u00dflich zu pers\u00f6nlichen, informativen und nicht-kommerziellen Zwecken. Durch die Nutzung dieser Website stimmen Sie den Nutzungsbedingungen (im Folgenden \u201eBedingungen\u201c genannt) zu. Mit der Annahme der Bedingungen erkl\u00e4rt der Nutzer, dass er\/sie mindestens achtzehn (18) Jahre alt ist. Ist der Nutzer j\u00fcnger als achtzehn (18), aber \u00e4lter als dreizehn (13) Jahre, so hat er\/sie das Recht, die Dienste der Website nur unter Aufsicht eines Elternteils oder Erziehungsberechtigten zu nutzen, der die vorliegenden Bedingungen akzeptiert. In keinem Fall haftet ELLAS ESTATE DS GROUP A.E. f\u00fcr eine solche Nutzung.     <\/p>\n\n<p>Bitte lesen Sie diese Bedingungen sorgf\u00e4ltig durch, bevor Sie die Website nutzen. ELLAS ESTATE DS GROUP A.E. beh\u00e4lt sich das Recht vor, die Bedingungen zu \u00e4ndern. <\/p>\n\n<p>INHALT<\/p>\n\n<p>Rechte an geistigem Eigentum<\/p>\n\n<p>Websites und Inhalte Dritter<\/p>\n\n<p>Haftungsbeschr\u00e4nkung \u2013 Haftungsausschluss<\/p>\n\n<p>Hyperlinks<\/p>\n\n<p>Werbung<\/p>\n\n<p>Anwendbares Recht \u2013 Sonstige Bestimmungen<\/p>\n\n<ol class=\"wp-block-list\">\n<li><strong>GEISTIGE EIGENTUMSRECHTE<\/strong><\/li>\n<\/ol>\n\n<p>Die geistigen Eigentumsrechte an den Inhalten der Website, einschlie\u00dflich, aber nicht beschr\u00e4nkt auf alle Dokumente, Archive, Texte, Bilder, Grafiken, Marken (Handels- und Dienstleistungsmarken), Komponenten, den Website-Code und ihr allgemeines Erscheinungsbild, sind geistiges und gewerbliches Eigentum von ELLAS ESTATE DS GROUP A.E. oder der Unternehmensgruppe, zu der sie geh\u00f6rt, sofern gesetzlich nichts anderes vorgesehen ist, und sie sind durch die einschl\u00e4gigen Bestimmungen des griechischen, europ\u00e4ischen und internationalen Rechts gesch\u00fctzt. Die Vervielf\u00e4ltigung der Website zu kommerziellen Zwecken, die nicht-pers\u00f6nliche Nutzung, Umwandlung\/Kopieren\/Vermietung\/Verleih\/\u00dcbertragung und Ausstrahlung ohne Lizenz ist untersagt. Der Verkauf oder die Verbreitung von Website-Material zu Gewinnzwecken ist untersagt.  <\/p>\n\n<p>Produkte oder Dienstleistungen mit Marken Dritter, die auf der Website erw\u00e4hnt werden, sind geistiges und gewerbliches Eigentum dieser Dritten, und daher tragen Dritte ihre eigene Verantwortung.<\/p>\n\n<p>Der Inhalt der Website steht den Nutzern zur pers\u00f6nlichen Nutzung zur Verf\u00fcgung.<\/p>\n\n<p>F\u00fcr weitere Anfragen kontaktieren Sie bitte info@ellasestate.com.<\/p>\n\n<ol start=\"2\" class=\"wp-block-list\">\n<li><strong>WEBSITES UND INHALTE DRITTER<\/strong><\/li>\n<\/ol>\n\n<p>Die Website bietet Zugang zu Websites Dritter \u00fcber entsprechende Hyperlinks (Links). Diese Links sind ausschlie\u00dflich zur Bequemlichkeit der Nutzer der Website bestimmt, und die Websites, auf die sie verweisen, unterliegen ihren jeweiligen Nutzungsbedingungen. Die Anzeige der Links ist kein Zeichen der Billigung oder Akzeptanz des Inhalts der jeweiligen Websites durch den Webmaster, der keine Verantwortung f\u00fcr deren Inhalt sowie f\u00fcr die Datenschutzpraktiken oder die Richtigkeit des Website-Materials \u00fcbernimmt. ELLAS ESTATE DS GROUP A.E. hat keine Kontrolle \u00fcber die Websites Dritter oder deren Inhalte, auf die \u00fcber diese Website zugegriffen oder die \u00fcber diese Website zur Verf\u00fcgung gestellt werden, und \u00fcbernimmt daher keine Billigung, F\u00f6rderung oder sonstige Verantwortung f\u00fcr solche Websites oder deren Inhalte. Der Nutzer tr\u00e4gt die volle Verantwortung f\u00fcr das Surfen auf Websites Dritter \u00fcber die auf der Website bereitgestellten Links.    <\/p>\n\n<ol start=\"3\" class=\"wp-block-list\">\n<li><strong>HAFTUNGSBESCHR\u00c4NKUNG \u2013 HAFTUNGSAUSSCHLUSS<\/strong><\/li>\n<\/ol>\n\n<p>Der Inhalt der Website wird \u201ewie besehen\u201c bereitgestellt, und ELLAS ESTATE DS GROUP A.E. \u00fcbernimmt keine ausdr\u00fcckliche oder stillschweigende Gew\u00e4hrleistung f\u00fcr die Richtigkeit, Vollst\u00e4ndigkeit, Korrektheit, Aktualit\u00e4t, Marktg\u00e4ngigkeit, Nichtverletzung oder Eignung dieses Inhalts f\u00fcr irgendeine Nutzung, Anwendung und\/oder einen Zweck. ELLAS ESTATE DS GROUP A.E. haftet unter keinen Umst\u00e4nden, auch nicht bei Fahrl\u00e4ssigkeit, f\u00fcr Verluste oder Sch\u00e4den jeglicher Art, die der Nutzer im Zusammenhang mit den Webseiten, Diensten, Optionen und Inhalten der Website erlitten hat oder erleiden k\u00f6nnte, die er\/sie auf eigene Initiative und in Kenntnis dieser Bedingungen nutzt. Dar\u00fcber hinaus garantiert ELLAS ESTATE DS GROUP A.E. nicht, dass die Webseiten, Dienste, Optionen und Inhalte ohne Unterbrechung oder Fehler bereitgestellt werden und dass Fehler behoben oder alle Anfragen beantwortet werden. Ebenso garantiert ELLAS ESTATE DS GROUP A.E. nicht, dass die Website oder andere verwandte Websites oder Server, \u00fcber die die Inhalte den Nutzern zur Verf\u00fcgung gestellt werden, frei von \u201eViren\u201c oder anderen sch\u00e4dlichen Komponenten sind. Die Kosten f\u00fcr eventuelle Korrekturen oder Dienstleistungen tr\u00e4gt der Nutzer und keinesfalls das Unternehmen.    <\/p>\n\n<p>Durch die \u00dcbermittlung oder das Hochladen von Inhalten auf die Website https:\/\/www.ellasesate.com (im Folgenden \u201eInhalt\u201c genannt) gew\u00e4hrt der Nutzer der ELLAS ESTATE DS GROUP A.E. ein dauerhaftes, unbegrenztes, unwiderrufliches, kostenloses, weltweites Recht zur: Nutzung, Reproduktion, Anpassung, Pr\u00e4sentation, Durchf\u00fchrung, \u00c4nderung, \u00dcbertragung, \u00dcbersetzung, Verbreitung und Erstellung abgeleiteter Werke des Inhalts; Erstellung, zum Verkauf anbieten, Verkauf, Vermietung oder anderweitige Verbreitung und Erstellung von Derivaten des Inhalts; und Ausf\u00fchrung jeder Methode durch Einbeziehung des Inhalts (einschlie\u00dflich der Subrogation eines der oben genannten). Des Weiteren erkennt der Nutzer an und garantiert der ELLAS ESTATE DS GROUP A.E. das Recht, den Titel und\/oder die Befugnis, ein solches Recht der ELLAS ESTATE DS GROUP A.E. zu gew\u00e4hren. ELLAS ESTATE DS GROUP A.E. kann sich daf\u00fcr entscheiden, den Inhalt, den der Nutzer elektronisch sendet oder \u00fcbermittelt (hochl\u00e4dt), nicht zu ver\u00f6ffentlichen. Sollte sich ELLAS ESTATE DS GROUP A.E. daf\u00fcr entscheiden, den Inhalt, den der Nutzer elektronisch sendet oder \u00fcbermittelt (hochl\u00e4dt), zu ver\u00f6ffentlichen, kann ELLAS ESTATE DS GROUP A.E. nach eigenem Ermessen die ver\u00f6ffentlichten Informationen aus beliebigem Grund und ohne vorherige Ank\u00fcndigung zur\u00fcckziehen.     <\/p>\n\n<p>ELLAS ESTATE DS GROUP A.E. kann die gesammelten und\/oder erhaltenen Informationen verwenden, um illegale Aktivit\u00e4ten oder Aktivit\u00e4ten zu vermeiden, die ihr Netzwerk bedrohen oder die Bereitstellung der Website gef\u00e4hrden.<\/p>\n\n<ol start=\"4\" class=\"wp-block-list\">\n<li><strong>HYPERLINKS<\/strong><\/li>\n<\/ol>\n\n<p>Die Erstellung eines Hyperlinks zur Website ist zul\u00e4ssig, vorausgesetzt, er wird nicht dazu verwendet, den Verbraucher irrezuf\u00fchren oder den Ruf von ELLAS ESTATE DS GROUP A.E. oder der Unternehmensgruppe, zu der sie geh\u00f6rt, zu sch\u00e4digen, und er die Inhalte der Website nicht als Teil einer anderen Website als der Website darstellt (z. B. Framing-Techniken). Dar\u00fcber hinaus ist die Verwendung der Logos von ELLAS ESTATE DS GROUP A.E., wie sie auf https:\/\/www.ellasestate.com dargestellt sind, zum Zwecke der Erstellung eines Hyperlinks zu dieser Website ohne die ausdr\u00fcckliche und schriftliche Genehmigung von ELLAS ESTATE DS GROUP A.E. untersagt. <\/p>\n\n<ol start=\"5\" class=\"wp-block-list\">\n<li><strong>WERBUNG <\/strong><\/li>\n<\/ol>\n\n<p>Die Website https:\/\/www.ellasestate.com kann Werbung von ELLAS ESTATE DS GROUP A.E. oder Drittunternehmen enthalten sowie anderes Material mit werblichem Inhalt und Zweck anzeigen.<\/p>\n\n<p>Im Falle von Werbung Dritter hat ELLAS ESTATE DS GROUP A.E. keine Kontrolle \u00fcber den Inhalt dieser Anzeigen und \u00fcbernimmt daher gegen\u00fcber den Nutzern keine Verantwortung f\u00fcr den Inhalt solcher Anzeigen in Bezug auf illegale Handlungen oder Unterlassungen, Ungenauigkeiten oder die Nichteinhaltung der Gesetze und Vorschriften eines Landes oder der Europ\u00e4ischen Union im Zusammenhang mit dem Inhalt dieser Anzeigen. Diese Verantwortung liegt ausschlie\u00dflich bei den Werbetreibenden, Sponsoren und\/oder Erstellern des angezeigten Werbematerials. <\/p>\n\n<ol start=\"6\" class=\"wp-block-list\">\n<li><strong>ANWENDBARES RECHT \u2013 SONSTIGE BESTIMMUNGEN<\/strong><\/li>\n<\/ol>\n\n<p>Die Allgemeinen Gesch\u00e4ftsbedingungen der Website sowie deren \u00c4nderungen oder Erg\u00e4nzungen unterliegen dem nationalen Recht, dem europ\u00e4ischen Recht und den einschl\u00e4gigen internationalen Vertr\u00e4gen. Jede Bestimmung der Bedingungen, die sich als unvereinbar mit dem oben genannten Rechtsrahmen erweist oder unwirksam wird, tritt automatisch au\u00dfer Kraft und wird aus den Bedingungen entfernt, ohne die G\u00fcltigkeit der anderen Bedingungen zu beeintr\u00e4chtigen. Die Bedingungen stellen die gesamte Vereinbarung zwischen ELLAS ESTATE DS GROUP A.E. und dem Nutzer dar und sind nur f\u00fcr diese bindend. Keine \u00c4nderung der Bedingungen wird ber\u00fccksichtigt und wird Teil dieser Vereinbarung, es sei denn, sie erfolgt schriftlich und wurde in die vorliegende Vereinbarung aufgenommen.   <\/p>\n\n<p>Es wird ausdr\u00fccklich vereinbart, dass alle Streitigkeiten, die sich aus der Anwendung der Bedingungen und der allgemeinen Nutzung der Website durch den Nutzer ergeben, sofern sie nicht g\u00fctlich beigelegt werden k\u00f6nnen, dem griechischen Recht unterliegen und der Gerichtsbarkeit der Gerichte von Athen unterliegen.<\/p>\n\n<p>Wenn Sie den Website-Administrator kontaktieren m\u00f6chten, senden Sie bitte eine E-Mail an info@ellasestate.com.<\/p>\n","protected":false},"excerpt":{"rendered":"<p>Nutzungsbedingungen Willkommen auf https:\/\/www.ellasestate.com. Die Website und\/oder das Portal https:\/\/www.ellasestate.com (im Folgenden \u201eWebsite\u201c genannt) wurde von der Firma \u201eELLAS ESTATE DS GROUP A.E.\u201c erstellt, um ihren Besuchern\/Nutzern (im Folgenden \u201eNutzer\u201c genannt) Informationen und Dienstleistungen anzubieten. Die Nutzer haben Zugang zur Website und nutzen diese ausschlie\u00dflich zu pers\u00f6nlichen, informativen und nicht-kommerziellen Zwecken. Durch die Nutzung dieser&#8230;<\/p>\n","protected":false},"author":79,"featured_media":0,"parent":0,"menu_order":0,"comment_status":"closed","ping_status":"closed","template":"","meta":{"_acf_changed":false,"iawp_total_views":25,"_glsr_average":0,"_glsr_ranking":0,"_glsr_reviews":0,"footnotes":""},"class_list":["post-46545","page","type-page","status-publish","hentry"],"acf":[],"_links":{"self":[{"href":"https:\/\/www.ellasestate.com\/de\/wp-json\/wp\/v2\/pages\/46545","targetHints":{"allow":["GET"]}}],"collection":[{"href":"https:\/\/www.ellasestate.com\/de\/wp-json\/wp\/v2\/pages"}],"about":[{"href":"https:\/\/www.ellasestate.com\/de\/wp-json\/wp\/v2\/types\/page"}],"author":[{"embeddable":true,"href":"https:\/\/www.ellasestate.com\/de\/wp-json\/wp\/v2\/users\/79"}],"replies":[{"embeddable":true,"href":"https:\/\/www.ellasestate.com\/de\/wp-json\/wp\/v2\/comments?post=46545"}],"version-history":[{"count":0,"href":"https:\/\/www.ellasestate.com\/de\/wp-json\/wp\/v2\/pages\/46545\/revisions"}],"wp:attachment":[{"href":"https:\/\/www.ellasestate.com\/de\/wp-json\/wp\/v2\/media?parent=46545"}],"curies":[{"name":"wp","href":"https:\/\/api.w.org\/{rel}","templated":true}]}}