{"id":46485,"date":"2025-07-28T10:26:31","date_gmt":"2025-07-28T07:26:31","guid":{"rendered":"https:\/\/www.ellasestate.com\/ellas-estate-taxi\/"},"modified":"2025-10-08T12:24:30","modified_gmt":"2025-10-08T09:24:30","slug":"ellas-estate-taxi","status":"publish","type":"page","link":"https:\/\/www.ellasestate.com\/de\/ellas-estate-taxi\/","title":{"rendered":"Ellas Estate Taxi"},"content":{"rendered":"\t\t<div data-elementor-type=\"wp-page\" data-elementor-id=\"46485\" class=\"elementor elementor-46485 elementor-34000\">\n\t\t\t\t<div class=\"elementor-element elementor-element-637c71a e-flex e-con-boxed e-con e-parent\" data-id=\"637c71a\" data-element_type=\"container\" data-e-type=\"container\">\n\t\t\t\t\t<div class=\"e-con-inner\">\n\t\t\t\t<div class=\"elementor-element elementor-element-10fbceac elementor-widget elementor-widget-text-editor\" data-id=\"10fbceac\" data-element_type=\"widget\" data-e-type=\"widget\" data-widget_type=\"text-editor.default\">\n\t\t\t\t\t\t\t\t\t<h2 style=\"text-align: center;\" data-start=\"32\" data-end=\"100\"><strong data-start=\"32\" data-end=\"98\">Ellas Estate Taxi \u2013 komfortable Transfers in ganz Griechenland<\/strong><\/h2>\t\t\t\t\t\t\t\t<\/div>\n\t\t\t\t\t<\/div>\n\t\t\t\t<\/div>\n\t\t<div class=\"elementor-element elementor-element-49c7861 e-con-full e-flex e-con e-parent\" data-id=\"49c7861\" data-element_type=\"container\" data-e-type=\"container\" data-settings=\"{&quot;background_background&quot;:&quot;classic&quot;}\">\n\t\t\t\t<div class=\"elementor-element elementor-element-5608215 elementor-widget elementor-widget-spacer\" data-id=\"5608215\" data-element_type=\"widget\" data-e-type=\"widget\" data-widget_type=\"spacer.default\">\n\t\t\t\t\t\t\t<div class=\"elementor-spacer\">\n\t\t\t<div class=\"elementor-spacer-inner\"><\/div>\n\t\t<\/div>\n\t\t\t\t\t\t<\/div>\n\t\t\t\t<\/div>\n\t\t<div class=\"elementor-element elementor-element-1cb5da6 e-flex e-con-boxed e-con e-parent\" data-id=\"1cb5da6\" data-element_type=\"container\" data-e-type=\"container\">\n\t\t\t\t\t<div class=\"e-con-inner\">\n\t\t<div class=\"elementor-element elementor-element-0119121 e-con-full e-flex e-con e-child\" data-id=\"0119121\" data-element_type=\"container\" data-e-type=\"container\">\n\t\t\t\t<div class=\"elementor-element elementor-element-c0e7cd8 elementor-widget elementor-widget-text-editor\" data-id=\"c0e7cd8\" data-element_type=\"widget\" data-e-type=\"widget\" data-widget_type=\"text-editor.default\">\n\t\t\t\t\t\t\t\t\t<p data-start=\"102\" data-end=\"344\"><strong data-start=\"102\" data-end=\"118\">Ellas Estate<\/strong> bietet seinen Kunden einen bequemen und zuverl\u00e4ssigen Service \u2013 Taxi- und Transferbuchungen <strong data-start=\"201\" data-end=\"222\">in ganz Griechenland<\/strong>. Wir organisieren Fahrten sowohl innerhalb Nordgriechenlands als auch in jede andere Region des Landes. <\/p><p data-start=\"346\" data-end=\"560\">Ob Sie einen <strong data-start=\"365\" data-end=\"416\">Transfer vom<\/strong> Flughafen Thessaloniki nach Chalkidiki, eine Reise nach Athen, auf den Peloponnes oder zu einem anderen Urlaubsort ben\u00f6tigen \u2013 wir bieten Ihnen einen schnellen und komfortablen Transport zu Ihrem Zielort.<\/p>\t\t\t\t\t\t\t\t<\/div>\n\t\t\t\t<\/div>\n\t\t<div class=\"elementor-element elementor-element-17a3291 e-con-full e-flex e-con e-child\" data-id=\"17a3291\" data-element_type=\"container\" data-e-type=\"container\">\n\t\t\t\t<div class=\"elementor-element elementor-element-8258cea elementor-widget elementor-widget-html\" data-id=\"8258cea\" data-element_type=\"widget\" data-e-type=\"widget\" data-widget_type=\"html.default\">\n\t\t\t\t\t<script src=\"https:\/\/unpkg.com\/@lottiefiles\/dotlottie-wc@0.8.1\/dist\/dotlottie-wc.js\" type=\"module\"><\/script>\r\n<dotlottie-wc src=\"https:\/\/lottie.host\/c2ba7163-8cd2-4f3c-9c2d-200b37dd461c\/trYOZnVhJE.lottie\" style=\"width: 300px;height: 300px\" autoplay=\"\" loop=\"\"><\/dotlottie-wc>\t\t\t\t<\/div>\n\t\t\t\t<\/div>\n\t\t\t\t\t<\/div>\n\t\t\t\t<\/div>\n\t\t<div class=\"elementor-element elementor-element-f11bd82 e-flex e-con-boxed e-con e-parent\" data-id=\"f11bd82\" data-element_type=\"container\" data-e-type=\"container\">\n\t\t\t\t\t<div class=\"e-con-inner\">\n\t\t\t\t<div class=\"elementor-element elementor-element-814dbd3 elementor-widget-divider--view-line elementor-widget elementor-widget-divider\" data-id=\"814dbd3\" data-element_type=\"widget\" data-e-type=\"widget\" data-widget_type=\"divider.default\">\n\t\t\t\t\t\t\t<div class=\"elementor-divider\">\n\t\t\t<span class=\"elementor-divider-separator\">\n\t\t\t\t\t\t<\/span>\n\t\t<\/div>\n\t\t\t\t\t\t<\/div>\n\t\t\t\t<div class=\"elementor-element elementor-element-66c6164 elementor-widget elementor-widget-html\" data-id=\"66c6164\" data-element_type=\"widget\" data-e-type=\"widget\" data-widget_type=\"html.default\">\n\t\t\t\t\t<script src=\"https:\/\/unpkg.com\/@lottiefiles\/dotlottie-wc@0.8.1\/dist\/dotlottie-wc.js\" type=\"module\"><\/script>\r\n<dotlottie-wc src=\"https:\/\/lottie.host\/212d784a-3f74-4cc7-ad89-b8b6e559cb9b\/BzlVDCtye0.lottie\" style=\"width: 300px;height: 300px\" autoplay=\"\" loop=\"\"><\/dotlottie-wc>\t\t\t\t<\/div>\n\t\t\t\t<div class=\"elementor-element elementor-element-d14df3c elementor-widget elementor-widget-text-editor\" data-id=\"d14df3c\" data-element_type=\"widget\" data-e-type=\"widget\" data-widget_type=\"text-editor.default\">\n\t\t\t\t\t\t\t\t\t<h2 style=\"text-align: center;\" data-start=\"562\" data-end=\"600\">Vorteile von Ellas Estate Taxi<\/h2>\t\t\t\t\t\t\t\t<\/div>\n\t\t\t\t\t<\/div>\n\t\t\t\t<\/div>\n\t\t<div class=\"elementor-element elementor-element-514ba4a e-flex e-con-boxed e-con e-parent\" data-id=\"514ba4a\" data-element_type=\"container\" data-e-type=\"container\" data-settings=\"{&quot;background_background&quot;:&quot;classic&quot;}\">\n\t\t\t\t\t<div class=\"e-con-inner\">\n\t\t<div class=\"elementor-element elementor-element-04c93d8 e-con-full e-flex e-con e-child\" data-id=\"04c93d8\" data-element_type=\"container\" data-e-type=\"container\">\n\t\t\t\t<div class=\"elementor-element elementor-element-5745664 elementor-widget elementor-widget-image\" data-id=\"5745664\" data-element_type=\"widget\" data-e-type=\"widget\" data-widget_type=\"image.default\">\n\t\t\t\t\t\t\t\t\t\t\t\t\t\t\t<img fetchpriority=\"high\" decoding=\"async\" width=\"768\" height=\"1024\" src=\"https:\/\/www.ellasestate.com\/wp-content\/uploads\/2025\/07\/3-768x1024.png\" class=\"attachment-medium_large size-medium_large wp-image-46487\" alt=\"\" srcset=\"https:\/\/www.ellasestate.com\/wp-content\/uploads\/2025\/07\/3-768x1024.png 768w, https:\/\/www.ellasestate.com\/wp-content\/uploads\/2025\/07\/3-225x300.png 225w, https:\/\/www.ellasestate.com\/wp-content\/uploads\/2025\/07\/3-1152x1536.png 1152w, https:\/\/www.ellasestate.com\/wp-content\/uploads\/2025\/07\/3-113x150.png 113w, https:\/\/www.ellasestate.com\/wp-content\/uploads\/2025\/07\/3.png 1500w\" sizes=\"(max-width: 768px) 100vw, 768px\" title=\"\">\t\t\t\t\t\t\t\t\t\t\t\t\t\t\t<\/div>\n\t\t\t\t<\/div>\n\t\t<div class=\"elementor-element elementor-element-589af81 e-con-full e-flex e-con e-child\" data-id=\"589af81\" data-element_type=\"container\" data-e-type=\"container\">\n\t\t\t\t<div class=\"elementor-element elementor-element-da3b9d3 elementor-widget elementor-widget-text-editor\" data-id=\"da3b9d3\" data-element_type=\"widget\" data-e-type=\"widget\" data-widget_type=\"text-editor.default\">\n\t\t\t\t\t\t\t\t\t<ul><li data-start=\"601\" data-end=\"1085\">Flughafentransfers \u2013 wir empfangen Sie bei Ihrer Ankunft, helfen Ihnen mit Ihrem Gep\u00e4ck und bringen Sie direkt zu Ihrem Hotel, Ihrer Villa oder Ihrem Apartment.<\/li><\/ul>\t\t\t\t\t\t\t\t<\/div>\n\t\t\t\t<div class=\"elementor-element elementor-element-515b556 elementor-widget elementor-widget-text-editor\" data-id=\"515b556\" data-element_type=\"widget\" data-e-type=\"widget\" data-widget_type=\"text-editor.default\">\n\t\t\t\t\t\t\t\t\t<ul><li data-start=\"601\" data-end=\"1085\">Taxidienste in ganz Griechenland \u2013 Fahrten zu Str\u00e4nden, Ausfl\u00fcge und Transfers zwischen St\u00e4dten und Ferienorten.<\/li><\/ul>\t\t\t\t\t\t\t\t<\/div>\n\t\t\t\t<div class=\"elementor-element elementor-element-9c0617e elementor-widget elementor-widget-text-editor\" data-id=\"9c0617e\" data-element_type=\"widget\" data-e-type=\"widget\" data-widget_type=\"text-editor.default\">\n\t\t\t\t\t\t\t\t\t<ul><li data-start=\"601\" data-end=\"1085\">P\u00fcnktlicher und zuverl\u00e4ssiger Service \u2013 Ihr Fahrer kommt immer p\u00fcnktlich, damit Sie keine Minute Ihres Urlaubs verschwenden.<\/li><\/ul>\t\t\t\t\t\t\t\t<\/div>\n\t\t\t\t<div class=\"elementor-element elementor-element-5bd023d elementor-widget elementor-widget-text-editor\" data-id=\"5bd023d\" data-element_type=\"widget\" data-e-type=\"widget\" data-widget_type=\"text-editor.default\">\n\t\t\t\t\t\t\t\t\t<ul><li data-start=\"601\" data-end=\"1085\">Private und Gruppentransfers \u2013 wir w\u00e4hlen die passende Fahrzeugklasse f\u00fcr Paare, Familien oder Gruppen von Freunden aus.<\/li><\/ul>\t\t\t\t\t\t\t\t<\/div>\n\t\t\t\t<\/div>\n\t\t\t\t\t<\/div>\n\t\t\t\t<\/div>\n\t\t<div class=\"elementor-element elementor-element-680ca6a e-flex e-con-boxed e-con e-parent\" data-id=\"680ca6a\" data-element_type=\"container\" data-e-type=\"container\">\n\t\t\t\t\t<div class=\"e-con-inner\">\n\t\t\t\t<div class=\"elementor-element elementor-element-51e6378 elementor-widget elementor-widget-text-editor\" data-id=\"51e6378\" data-element_type=\"widget\" data-e-type=\"widget\" data-widget_type=\"text-editor.default\">\n\t\t\t\t\t\t\t\t\t<h4 style=\"text-align: left;\" data-start=\"1087\" data-end=\"1117\">Wie buche ich einen Transfer?<\/h4><p style=\"text-align: left;\" data-start=\"1118\" data-end=\"1195\">Um ein Taxi oder einen Transfer zu jedem Ziel in Griechenland zu buchen, kontaktieren Sie uns einfach:<\/p>\t\t\t\t\t\t\t\t<\/div>\n\t\t\t\t\t<\/div>\n\t\t\t\t<\/div>\n\t\t<div class=\"elementor-element elementor-element-8e549e8 e-flex e-con-boxed e-con e-parent\" data-id=\"8e549e8\" data-element_type=\"container\" data-e-type=\"container\">\n\t\t\t\t\t<div class=\"e-con-inner\">\n\t\t<div class=\"elementor-element elementor-element-733d34f e-con-full e-flex e-con e-child\" data-id=\"733d34f\" data-element_type=\"container\" data-e-type=\"container\">\n\t\t\t\t<div class=\"elementor-element elementor-element-a486179 elementor-widget elementor-widget-html\" data-id=\"a486179\" data-element_type=\"widget\" data-e-type=\"widget\" data-widget_type=\"html.default\">\n\t\t\t\t\t<script src=\"https:\/\/unpkg.com\/@lottiefiles\/dotlottie-wc@0.8.1\/dist\/dotlottie-wc.js\" type=\"module\"><\/script>\r\n<dotlottie-wc src=\"https:\/\/lottie.host\/23f1a5a3-3017-4089-b939-41f7ad071ca9\/Z8YrmIijVQ.lottie\" style=\"width: 100px;height: 100px\" autoplay=\"\" loop=\"\"><\/dotlottie-wc>\t\t\t\t<\/div>\n\t\t\t\t<div class=\"elementor-element elementor-element-87816b8 elementor-widget elementor-widget-text-editor\" data-id=\"87816b8\" data-element_type=\"widget\" data-e-type=\"widget\" data-widget_type=\"text-editor.default\">\n\t\t\t\t\t\t\t\t\t<p data-start=\"1197\" data-end=\"1287\"><a href=\"tel:+306973496325\"><strong>Phone :<\/strong> +30 697 349 63 25<\/a><\/p>\t\t\t\t\t\t\t\t<\/div>\n\t\t\t\t<\/div>\n\t\t<div class=\"elementor-element elementor-element-3e1b338 e-con-full e-flex e-con e-child\" data-id=\"3e1b338\" data-element_type=\"container\" data-e-type=\"container\">\n\t\t\t\t<div class=\"elementor-element elementor-element-f6db400 elementor-widget elementor-widget-html\" data-id=\"f6db400\" data-element_type=\"widget\" data-e-type=\"widget\" data-widget_type=\"html.default\">\n\t\t\t\t\t<script src=\"https:\/\/unpkg.com\/@lottiefiles\/dotlottie-wc@0.8.1\/dist\/dotlottie-wc.js\" type=\"module\"><\/script>\r\n<dotlottie-wc src=\"https:\/\/lottie.host\/febca910-172d-4554-852b-02d1cf31c465\/Vv0J9cXTEt.lottie\" style=\"width: 100px;height: 100px\" autoplay=\"\" loop=\"\"><\/dotlottie-wc>\t\t\t\t<\/div>\n\t\t\t\t<div class=\"elementor-element elementor-element-80c022f elementor-widget elementor-widget-text-editor\" data-id=\"80c022f\" data-element_type=\"widget\" data-e-type=\"widget\" data-widget_type=\"text-editor.default\">\n\t\t\t\t\t\t\t\t\t<p data-start=\"1197\" data-end=\"1287\"><strong><a href=\"https:\/\/wa.me\/+306973496325\" target=\"_blank\" rel=\"noopener\">Whatsapp <\/a>:<\/strong> <a href=\"https:\/\/wa.me\/+306973496325\" target=\"_blank\" rel=\"noopener\">+30 697 349 63 25<\/a><\/p>\t\t\t\t\t\t\t\t<\/div>\n\t\t\t\t<\/div>\n\t\t<div class=\"elementor-element elementor-element-47691e1 e-con-full e-flex e-con e-child\" data-id=\"47691e1\" data-element_type=\"container\" data-e-type=\"container\">\n\t\t\t\t<div class=\"elementor-element elementor-element-aa5804d elementor-widget elementor-widget-html\" data-id=\"aa5804d\" data-element_type=\"widget\" data-e-type=\"widget\" data-widget_type=\"html.default\">\n\t\t\t\t\t<script src=\"https:\/\/unpkg.com\/@lottiefiles\/dotlottie-wc@0.8.1\/dist\/dotlottie-wc.js\" type=\"module\"><\/script>\r\n<dotlottie-wc src=\"https:\/\/lottie.host\/3762d6bc-eb94-4a28-a242-d74bed4e513c\/PBS44oqBBn.lottie\" style=\"width: 100px;height: 100px\" autoplay=\"\" loop=\"\"><\/dotlottie-wc>\t\t\t\t<\/div>\n\t\t\t\t<div class=\"elementor-element elementor-element-4028806 elementor-widget elementor-widget-text-editor\" data-id=\"4028806\" data-element_type=\"widget\" data-e-type=\"widget\" data-widget_type=\"text-editor.default\">\n\t\t\t\t\t\t\t\t\t<p data-start=\"1197\" data-end=\"1287\"><a href=\"viber:\/\/chat?number=+306973496325\"><strong data-start=\"1200\" data-end=\"1229\">Viber :<\/strong> +30 697 349 63 25<\/a><\/p>\t\t\t\t\t\t\t\t<\/div>\n\t\t\t\t<\/div>\n\t\t<div class=\"elementor-element elementor-element-033864f e-con-full e-flex e-con e-child\" data-id=\"033864f\" data-element_type=\"container\" data-e-type=\"container\">\n\t\t\t\t<div class=\"elementor-element elementor-element-12fe72a elementor-widget elementor-widget-html\" data-id=\"12fe72a\" data-element_type=\"widget\" data-e-type=\"widget\" data-widget_type=\"html.default\">\n\t\t\t\t\t<script src=\"https:\/\/unpkg.com\/@lottiefiles\/dotlottie-wc@0.8.1\/dist\/dotlottie-wc.js\" type=\"module\"><\/script>\r\n<dotlottie-wc src=\"https:\/\/lottie.host\/77c630ec-7cc2-4312-9f85-151d4832729d\/BLfXUilXHo.lottie\" style=\"width: 100px;height: 100px\" autoplay=\"\" loop=\"\"><\/dotlottie-wc>\t\t\t\t<\/div>\n\t\t\t\t<div class=\"elementor-element elementor-element-58e2cf2 elementor-widget elementor-widget-text-editor\" data-id=\"58e2cf2\" data-element_type=\"widget\" data-e-type=\"widget\" data-widget_type=\"text-editor.default\">\n\t\t\t\t\t\t\t\t\t<p data-start=\"1197\" data-end=\"1287\"><a href=\"mailto:info@ellasestate.com\"><strong data-start=\"1253\" data-end=\"1264\">E-mail:<\/strong> info@ellasestate.com<\/a><\/p>\t\t\t\t\t\t\t\t<\/div>\n\t\t\t\t<\/div>\n\t\t\t\t\t<\/div>\n\t\t\t\t<\/div>\n\t\t<div class=\"elementor-element elementor-element-767f4c5 e-flex e-con-boxed e-con e-parent\" data-id=\"767f4c5\" data-element_type=\"container\" data-e-type=\"container\">\n\t\t\t\t\t<div class=\"e-con-inner\">\n\t\t\t\t<div class=\"elementor-element elementor-element-cfed592 elementor-widget-divider--view-line elementor-widget elementor-widget-divider\" data-id=\"cfed592\" data-element_type=\"widget\" data-e-type=\"widget\" data-widget_type=\"divider.default\">\n\t\t\t\t\t\t\t<div class=\"elementor-divider\">\n\t\t\t<span class=\"elementor-divider-separator\">\n\t\t\t\t\t\t<\/span>\n\t\t<\/div>\n\t\t\t\t\t\t<\/div>\n\t\t\t\t\t<\/div>\n\t\t\t\t<\/div>\n\t\t<div class=\"elementor-element elementor-element-417cb7b e-flex e-con-boxed e-con e-parent\" data-id=\"417cb7b\" data-element_type=\"container\" data-e-type=\"container\">\n\t\t\t\t\t<div class=\"e-con-inner\">\n\t\t<div class=\"elementor-element elementor-element-0f70108 e-con-full e-flex e-con e-child\" data-id=\"0f70108\" data-element_type=\"container\" data-e-type=\"container\">\n\t\t\t\t<div class=\"elementor-element elementor-element-efc8ef9 elementor-widget elementor-widget-text-editor\" data-id=\"efc8ef9\" data-element_type=\"widget\" data-e-type=\"widget\" data-widget_type=\"text-editor.default\">\n\t\t\t\t\t\t\t\t\t<p data-start=\"1289\" data-end=\"1374\">Wir sind <strong data-start=\"1300\" data-end=\"1319\">in ganz Griechenland<\/strong> t\u00e4tig und gestalten jede Reise komfortabel, sicher und angenehm.<\/p><p data-start=\"1376\" data-end=\"1452\"><strong data-start=\"1376\" data-end=\"1450\">Ellas Estate Taxi \u2013 Ihr zuverl\u00e4ssiger Partner f\u00fcr Reisen in ganz Griechenland!<\/strong><\/p>\t\t\t\t\t\t\t\t<\/div>\n\t\t\t\t<\/div>\n\t\t<div class=\"elementor-element elementor-element-0e9fa57 e-con-full e-flex e-con e-child\" data-id=\"0e9fa57\" data-element_type=\"container\" data-e-type=\"container\">\n\t\t\t\t<div class=\"elementor-element elementor-element-98c4e4b elementor-widget elementor-widget-image\" data-id=\"98c4e4b\" data-element_type=\"widget\" data-e-type=\"widget\" data-widget_type=\"image.default\">\n\t\t\t\t\t\t\t\t\t\t\t\t\t\t\t<img decoding=\"async\" width=\"680\" height=\"510\" src=\"https:\/\/www.ellasestate.com\/wp-content\/uploads\/2025\/07\/2-4-680x510.png\" class=\"attachment-modern-property-child-slider size-modern-property-child-slider wp-image-46488\" alt=\"\" srcset=\"https:\/\/www.ellasestate.com\/wp-content\/uploads\/2025\/07\/2-4-680x510.png 680w, https:\/\/www.ellasestate.com\/wp-content\/uploads\/2025\/07\/2-4-300x225.png 300w, https:\/\/www.ellasestate.com\/wp-content\/uploads\/2025\/07\/2-4-768x576.png 768w, https:\/\/www.ellasestate.com\/wp-content\/uploads\/2025\/07\/2-4-1536x1152.png 1536w, https:\/\/www.ellasestate.com\/wp-content\/uploads\/2025\/07\/2-4-150x113.png 150w, https:\/\/www.ellasestate.com\/wp-content\/uploads\/2025\/07\/2-4.png 2000w\" sizes=\"(max-width: 680px) 100vw, 680px\" title=\"\">\t\t\t\t\t\t\t\t\t\t\t\t\t\t\t<\/div>\n\t\t\t\t<\/div>\n\t\t\t\t\t<\/div>\n\t\t\t\t<\/div>\n\t\t\t\t<\/div>\n\t\t","protected":false},"excerpt":{"rendered":"<p>Ellas Estate Taxi \u2013 komfortable Transfers in ganz Griechenland Ellas Estate bietet seinen Kunden einen bequemen und zuverl\u00e4ssigen Service \u2013 Taxi- und Transferbuchungen in ganz Griechenland. Wir organisieren Fahrten sowohl innerhalb Nordgriechenlands als auch in jede andere Region des Landes. Ob Sie einen Transfer vom Flughafen Thessaloniki nach Chalkidiki, eine Reise nach Athen, auf den&#8230;<\/p>\n","protected":false},"author":58,"featured_media":0,"parent":0,"menu_order":0,"comment_status":"closed","ping_status":"closed","template":"elementor_header_footer","meta":{"_acf_changed":false,"iawp_total_views":22,"_glsr_average":0,"_glsr_ranking":0,"_glsr_reviews":0,"footnotes":""},"class_list":["post-46485","page","type-page","status-publish","hentry"],"acf":[],"_links":{"self":[{"href":"https:\/\/www.ellasestate.com\/de\/wp-json\/wp\/v2\/pages\/46485","targetHints":{"allow":["GET"]}}],"collection":[{"href":"https:\/\/www.ellasestate.com\/de\/wp-json\/wp\/v2\/pages"}],"about":[{"href":"https:\/\/www.ellasestate.com\/de\/wp-json\/wp\/v2\/types\/page"}],"author":[{"embeddable":true,"href":"https:\/\/www.ellasestate.com\/de\/wp-json\/wp\/v2\/users\/58"}],"replies":[{"embeddable":true,"href":"https:\/\/www.ellasestate.com\/de\/wp-json\/wp\/v2\/comments?post=46485"}],"version-history":[{"count":0,"href":"https:\/\/www.ellasestate.com\/de\/wp-json\/wp\/v2\/pages\/46485\/revisions"}],"wp:attachment":[{"href":"https:\/\/www.ellasestate.com\/de\/wp-json\/wp\/v2\/media?parent=46485"}],"curies":[{"name":"wp","href":"https:\/\/api.w.org\/{rel}","templated":true}]}}