{"id":46458,"date":"2025-02-06T20:37:54","date_gmt":"2025-02-06T17:37:54","guid":{"rendered":"https:\/\/www.ellasestate.com\/privatjets-und-hubschrauber\/"},"modified":"2025-10-03T20:16:03","modified_gmt":"2025-10-03T17:16:03","slug":"privatjets-und-hubschrauber","status":"publish","type":"page","link":"https:\/\/www.ellasestate.com\/de\/privatjets-und-hubschrauber\/","title":{"rendered":"Privatjets und Hubschrauber"},"content":{"rendered":"\t\t<div data-elementor-type=\"wp-page\" data-elementor-id=\"46458\" class=\"elementor elementor-46458 elementor-14673\">\n\t\t\t\t<div class=\"elementor-element elementor-element-0a960ca e-flex e-con-boxed e-con e-parent\" data-id=\"0a960ca\" data-element_type=\"container\" data-e-type=\"container\">\n\t\t\t\t\t<div class=\"e-con-inner\">\n\t\t\t\t<div class=\"elementor-element elementor-element-1fe06f6 elementor-widget elementor-widget-heading\" data-id=\"1fe06f6\" data-element_type=\"widget\" data-e-type=\"widget\" data-widget_type=\"heading.default\">\n\t\t\t\t\t<h2 class=\"elementor-heading-title elementor-size-default\">Luxus, Komfort und Effizienz mit Ellas Estate und AREP Aviation Ltd.<\/h2>\t\t\t\t<\/div>\n\t\t\t\t<div class=\"elementor-element elementor-element-cd298fb elementor-widget elementor-widget-text-editor\" data-id=\"cd298fb\" data-element_type=\"widget\" data-e-type=\"widget\" data-widget_type=\"text-editor.default\">\n\t\t\t\t\t\t\t\t\t<p>Gesch\u00e4ftsluftfahrt ist mehr als nur ein Transportmittel \u2013 sie steht f\u00fcr ein besonderes Ma\u00df an Komfort, Bequemlichkeit und Effizienz. Ellas Estate DS Group bietet in Partnerschaft mit AREP Aviation Ltd. Privatjet- und Hubschrauber-Mietservices sowie eine umfassende Palette an Bodenabfertigungs- und Luftfahrtberatungsl\u00f6sungen an. <\/p>\t\t\t\t\t\t\t\t<\/div>\n\t\t\t\t\t<\/div>\n\t\t\t\t<\/div>\n\t\t<div class=\"elementor-element elementor-element-b5c4d15 e-con-full e-flex e-con e-parent\" data-id=\"b5c4d15\" data-element_type=\"container\" data-e-type=\"container\">\n\t\t\t\t<div class=\"elementor-element elementor-element-f4f4516 elementor-widget elementor-widget-video\" data-id=\"f4f4516\" data-element_type=\"widget\" data-e-type=\"widget\" data-settings=\"{&quot;video_type&quot;:&quot;hosted&quot;,&quot;autoplay&quot;:&quot;yes&quot;,&quot;loop&quot;:&quot;yes&quot;,&quot;play_on_mobile&quot;:&quot;yes&quot;}\" data-widget_type=\"video.default\">\n\t\t\t\t\t\t\t<div class=\"e-hosted-video elementor-wrapper elementor-open-inline\">\n\t\t\t\t\t<video class=\"elementor-video\" src=\"https:\/\/avia-rep.com\/wp-content\/uploads\/2024\/11\/ZOSIM-JETS.mp4\" autoplay=\"\" loop=\"\" playsinline=\"\" controlsList=\"nodownload\"><\/video>\n\t\t\t\t<\/div>\n\t\t\t\t\t\t<\/div>\n\t\t\t\t<\/div>\n\t\t<div class=\"elementor-element elementor-element-16bf319 e-flex e-con-boxed e-con e-parent\" data-id=\"16bf319\" data-element_type=\"container\" data-e-type=\"container\">\n\t\t\t\t\t<div class=\"e-con-inner\">\n\t\t<div class=\"elementor-element elementor-element-2e9ab47 e-con-full e-flex e-con e-child\" data-id=\"2e9ab47\" data-element_type=\"container\" data-e-type=\"container\">\n\t\t<div class=\"elementor-element elementor-element-9ce05bb e-con-full e-flex e-con e-child\" data-id=\"9ce05bb\" data-element_type=\"container\" data-e-type=\"container\" data-settings=\"{&quot;background_background&quot;:&quot;classic&quot;}\">\n\t\t\t\t<div class=\"elementor-element elementor-element-1aaf1a1 elementor-widget elementor-widget-icon-box\" data-id=\"1aaf1a1\" data-element_type=\"widget\" data-e-type=\"widget\" data-widget_type=\"icon-box.default\">\n\t\t\t\t\t\t\t<div class=\"elementor-icon-box-wrapper\">\n\n\t\t\t\n\t\t\t\t\t\t<div class=\"elementor-icon-box-content\">\n\n\t\t\t\t\t\t\t\t\t<h3 class=\"elementor-icon-box-title\">\n\t\t\t\t\t\t<span  >\n\t\t\t\t\t\t\tGesch\u00e4ftsluftfahrt: Ihre Zeit ist unsere Priorit\u00e4t\t\t\t\t\t\t<\/span>\n\t\t\t\t\t<\/h3>\n\t\t\t\t\n\t\t\t\t\t\t\t\t\t<p class=\"elementor-icon-box-description\">\n\t\t\t\t\t\tIn einer Welt, in der Geschwindigkeit und Mobilit\u00e4t entscheidend sind, sind Privatfl\u00fcge zu einem wesentlichen Bestandteil sowohl erfolgreicher Gesch\u00e4ftsabl\u00e4ufe als auch eines luxuri\u00f6sen Lebensstils geworden. AREP Aviation Ltd. bietet Privatjet- und Hubschrauber-Mietservices und gew\u00e4hrleistet maximalen Komfort und Sicherheit f\u00fcr Reisende. Ob Sie eine Gesch\u00e4ftsreise planen oder einen Urlaub planen, unser Team organisiert Ihren Flug umgehend und bietet ma\u00dfgeschneiderte L\u00f6sungen, die Ihren spezifischen Bed\u00fcrfnissen entsprechen.  \t\t\t\t\t<\/p>\n\t\t\t\t\n\t\t\t<\/div>\n\t\t\t\n\t\t<\/div>\n\t\t\t\t\t\t<\/div>\n\t\t\t\t<\/div>\n\t\t\t\t<\/div>\n\t\t<div class=\"elementor-element elementor-element-6c5958a e-con-full e-flex e-con e-child\" data-id=\"6c5958a\" data-element_type=\"container\" data-e-type=\"container\">\n\t\t<div class=\"elementor-element elementor-element-4b7507d e-con-full e-flex e-con e-child\" data-id=\"4b7507d\" data-element_type=\"container\" data-e-type=\"container\" data-settings=\"{&quot;background_background&quot;:&quot;classic&quot;}\">\n\t\t\t\t<div class=\"elementor-element elementor-element-b71b964 elementor-widget elementor-widget-icon-box\" data-id=\"b71b964\" data-element_type=\"widget\" data-e-type=\"widget\" data-widget_type=\"icon-box.default\">\n\t\t\t\t\t\t\t<div class=\"elementor-icon-box-wrapper\">\n\n\t\t\t\n\t\t\t\t\t\t<div class=\"elementor-icon-box-content\">\n\n\t\t\t\t\t\t\t\t\t<h3 class=\"elementor-icon-box-title\">\n\t\t\t\t\t\t<span  >\n\t\t\t\t\t\t\tUmfassende Bodenabfertigungs- und Vertretungsdienste\t\t\t\t\t\t<\/span>\n\t\t\t\t\t<\/h3>\n\t\t\t\t\n\t\t\t\t\t\t\t\t\t<p class=\"elementor-icon-box-description\">\n\t\t\t\t\t\tProfessionalit\u00e4t und Liebe zum Detail sind unsere Kernwerte. Wir bieten eine umfassende Palette an Bodenabfertigungs- und Vertretungsdiensten in L\u00e4ndern wie Griechenland, Georgien, Armenien und Kasachstan an. Unsere Dienstleistungen umfassen:  \n\nKoordination der Bodenabfertigung f\u00fcr Flugzeuge;\nPassagier- und Crew-Betreuung;\nKoordination aller Aspekte von Flughafenaufenthalten;\nVIP-Concierge-Services.\n\t\t\t\t\t<\/p>\n\t\t\t\t\n\t\t\t<\/div>\n\t\t\t\n\t\t<\/div>\n\t\t\t\t\t\t<\/div>\n\t\t\t\t<\/div>\n\t\t\t\t<\/div>\n\t\t<div class=\"elementor-element elementor-element-2823d0d e-con-full e-flex e-con e-child\" data-id=\"2823d0d\" data-element_type=\"container\" data-e-type=\"container\">\n\t\t<div class=\"elementor-element elementor-element-e8c5bfb e-con-full e-flex e-con e-child\" data-id=\"e8c5bfb\" data-element_type=\"container\" data-e-type=\"container\" data-settings=\"{&quot;background_background&quot;:&quot;classic&quot;}\">\n\t\t\t\t<div class=\"elementor-element elementor-element-7ed31a2 elementor-widget elementor-widget-icon-box\" data-id=\"7ed31a2\" data-element_type=\"widget\" data-e-type=\"widget\" data-widget_type=\"icon-box.default\">\n\t\t\t\t\t\t\t<div class=\"elementor-icon-box-wrapper\">\n\n\t\t\t\n\t\t\t\t\t\t<div class=\"elementor-icon-box-content\">\n\n\t\t\t\t\t\t\t\t\t<h3 class=\"elementor-icon-box-title\">\n\t\t\t\t\t\t<span  >\n\t\t\t\t\t\t\tLuftfahrtberatung, Versicherung und Rechtsbeistand\t\t\t\t\t\t<\/span>\n\t\t\t\t\t<\/h3>\n\t\t\t\t\n\t\t\t\t\t\t\t\t\t<p class=\"elementor-icon-box-description\">\n\t\t\t\t\t\tDie Gesch\u00e4ftsluftfahrt erfordert nicht nur technische und logistische Unterst\u00fctzung, sondern auch einen professionellen Umgang mit Rechts- und Versicherungsfragen. AREP Aviation Ltd. bietet Luftfahrtberatungsdienste, Rechtsbeistand und Versicherungsl\u00f6sungen und unterst\u00fctzt Kunden bei der Bew\u00e4ltigung komplexer Fragen im Zusammenhang mit Luftfahrtrecht, Versicherungspolicen und operativen T\u00e4tigkeiten. \n\t\t\t\t\t<\/p>\n\t\t\t\t\n\t\t\t<\/div>\n\t\t\t\n\t\t<\/div>\n\t\t\t\t\t\t<\/div>\n\t\t\t\t<\/div>\n\t\t\t\t<\/div>\n\t\t\t\t\t<\/div>\n\t\t\t\t<\/div>\n\t\t<div class=\"elementor-element elementor-element-a04c4a0 e-flex e-con-boxed e-con e-parent\" data-id=\"a04c4a0\" data-element_type=\"container\" data-e-type=\"container\">\n\t\t\t\t\t<div class=\"e-con-inner\">\n\t\t<div class=\"elementor-element elementor-element-b0d1dfd e-con-full e-flex e-con e-child\" data-id=\"b0d1dfd\" data-element_type=\"container\" data-e-type=\"container\">\n\t\t\t\t<div class=\"elementor-element elementor-element-b4e84e4 elementor-widget elementor-widget-video\" data-id=\"b4e84e4\" data-element_type=\"widget\" data-e-type=\"widget\" data-settings=\"{&quot;video_type&quot;:&quot;hosted&quot;,&quot;autoplay&quot;:&quot;yes&quot;,&quot;loop&quot;:&quot;yes&quot;,&quot;play_on_mobile&quot;:&quot;yes&quot;}\" data-widget_type=\"video.default\">\n\t\t\t\t\t\t\t<div class=\"e-hosted-video elementor-wrapper elementor-open-inline\">\n\t\t\t\t\t<video class=\"elementor-video\" src=\"https:\/\/avia-rep.com\/wp-content\/uploads\/2024\/10\/arep-video01.mp4\" autoplay=\"\" loop=\"\" playsinline=\"\" controlsList=\"nodownload\"><\/video>\n\t\t\t\t<\/div>\n\t\t\t\t\t\t<\/div>\n\t\t\t\t<\/div>\n\t\t<div class=\"elementor-element elementor-element-5f023e9 e-con-full e-flex e-con e-child\" data-id=\"5f023e9\" data-element_type=\"container\" data-e-type=\"container\">\n\t\t<div class=\"elementor-element elementor-element-136d37f e-con-full e-flex e-con e-child\" data-id=\"136d37f\" data-element_type=\"container\" data-e-type=\"container\">\n\t\t\t\t<div class=\"elementor-element elementor-element-5da8063 elementor-widget elementor-widget-text-editor\" data-id=\"5da8063\" data-element_type=\"widget\" data-e-type=\"widget\" data-widget_type=\"text-editor.default\">\n\t\t\t\t\t\t\t\t\t<h4><strong>Flexible und bequeme Flugl\u00f6sungen<\/strong><\/h4><p>Wir bieten personalisierte L\u00f6sungen f\u00fcr jeden Kunden, einschlie\u00dflich:<\/p><ul><li>Flugzeugvermietung und ACMI-Dienstleistungen \u2013 langfristige Flugzeugleasing (mit oder ohne Besatzung);<\/li><li>Implementierung spezialisierter Luftfahrtprojekte \u2013 Entwicklung und Durchf\u00fchrung ma\u00dfgeschneiderter Lufttransportl\u00f6sungen;<\/li><li>Personalisierte Dienstleistungen \u2013 vom In-Flight-Catering bis zur Buchung von Bodentransporten.<\/li><\/ul><h4><strong>Reisen Sie mit Komfort und Zuversicht<\/strong><\/h4><p>Mit AREP Aviation Ltd. und Ellas Estate werden Ihre Fl\u00fcge mehr als nur ein Transportmittel \u2013 sie bieten ein exklusives Erlebnis. Wir garantieren ein hohes Ma\u00df an Sicherheit, luxuri\u00f6se Bedingungen und absolute Vertraulichkeit. <\/p><p>Kontaktieren Sie uns, um einen Privatjet oder Hubschrauber zu buchen und ein neues Ma\u00df an Luftfahrtkomfort zu erleben!<\/p>\t\t\t\t\t\t\t\t<\/div>\n\t\t\t\t<\/div>\n\t\t\t\t<\/div>\n\t\t\t\t\t<\/div>\n\t\t\t\t<\/div>\n\t\t<div class=\"elementor-element elementor-element-2afb165 e-flex e-con-boxed e-con e-parent\" data-id=\"2afb165\" data-element_type=\"container\" data-e-type=\"container\">\n\t\t\t\t\t<div class=\"e-con-inner\">\n\t\t\t\t<div class=\"elementor-element elementor-element-ed0754d elementor-widget elementor-widget-text-editor\" data-id=\"ed0754d\" data-element_type=\"widget\" data-e-type=\"widget\" data-widget_type=\"text-editor.default\">\n\t\t\t\t\t\t\t\t\t<h2><strong>AREP Aviation Ltd. Webseite<\/strong>: <\/h2>\t\t\t\t\t\t\t\t<\/div>\n\t\t\t\t<div class=\"elementor-element elementor-element-b8fc928 elementor-widget elementor-widget-rhea-button-widget\" data-id=\"b8fc928\" data-element_type=\"widget\" data-e-type=\"widget\" data-widget_type=\"rhea-button-widget.default\">\n\t\t\t\t<div class=\"elementor-widget-container\">\n\t\t\t\t\t            <a class=\"rhea-custom-button default\" href=\"https:\/\/avia-rep.com\/\" target=\"_blank\" rel=\"noopener\">\n\t\t\t\t                    <i class=\"fa-regular far fa-arrow-alt-circle-right\"><\/i>www.avia-rep.com            <\/a>\n\t\t\t\t\t\t\t<\/div>\n\t\t\t\t<\/div>\n\t\t\t\t\t<\/div>\n\t\t\t\t<\/div>\n\t\t\t\t<\/div>\n\t\t","protected":false},"excerpt":{"rendered":"<p>Luxus, Komfort und Effizienz mit Ellas Estate und AREP Aviation Ltd. Gesch\u00e4ftsluftfahrt ist mehr als nur ein Transportmittel \u2013 sie steht f\u00fcr ein besonderes Ma\u00df an Komfort, Bequemlichkeit und Effizienz. Ellas Estate DS Group bietet in Partnerschaft mit AREP Aviation Ltd. Privatjet- und Hubschrauber-Mietservices sowie eine umfassende Palette an Bodenabfertigungs- und Luftfahrtberatungsl\u00f6sungen an. https:\/\/avia-rep.com\/wp-content\/uploads\/2024\/11\/ZOSIM-JETS.mp4 Gesch\u00e4ftsluftfahrt:&#8230;<\/p>\n","protected":false},"author":79,"featured_media":0,"parent":0,"menu_order":0,"comment_status":"closed","ping_status":"closed","template":"elementor_header_footer","meta":{"_acf_changed":false,"iawp_total_views":18,"_glsr_average":0,"_glsr_ranking":0,"_glsr_reviews":0,"footnotes":""},"class_list":["post-46458","page","type-page","status-publish","hentry"],"acf":[],"_links":{"self":[{"href":"https:\/\/www.ellasestate.com\/de\/wp-json\/wp\/v2\/pages\/46458","targetHints":{"allow":["GET"]}}],"collection":[{"href":"https:\/\/www.ellasestate.com\/de\/wp-json\/wp\/v2\/pages"}],"about":[{"href":"https:\/\/www.ellasestate.com\/de\/wp-json\/wp\/v2\/types\/page"}],"author":[{"embeddable":true,"href":"https:\/\/www.ellasestate.com\/de\/wp-json\/wp\/v2\/users\/79"}],"replies":[{"embeddable":true,"href":"https:\/\/www.ellasestate.com\/de\/wp-json\/wp\/v2\/comments?post=46458"}],"version-history":[{"count":0,"href":"https:\/\/www.ellasestate.com\/de\/wp-json\/wp\/v2\/pages\/46458\/revisions"}],"wp:attachment":[{"href":"https:\/\/www.ellasestate.com\/de\/wp-json\/wp\/v2\/media?parent=46458"}],"curies":[{"name":"wp","href":"https:\/\/api.w.org\/{rel}","templated":true}]}}